{"id":896,"date":"2024-03-10T14:08:12","date_gmt":"2024-03-10T14:08:12","guid":{"rendered":"https:\/\/trendify.se\/?page_id=896"},"modified":"2024-10-18T14:14:38","modified_gmt":"2024-10-18T14:14:38","slug":"services","status":"publish","type":"page","link":"https:\/\/trendify.se\/de\/services\/","title":{"rendered":"Leistungen"},"content":{"rendered":"<div class=\"gb-container gb-container-ca2ed9a8\">\n\n<h1 class=\"gb-headline gb-headline-78b565f6 gb-headline-text\">Leistungen <\/h1>\n\n\n\n<h5 class=\"gb-headline gb-headline-b1d1f8f0 gb-headline-text\">Als Ihr Performance-Marketing-Partner bieten wir Ihnen Dienstleistungen mit dem Versprechen, tief zu graben, Annahmen herauszufordern und Ver\u00e4nderungen zu entfachen, die Bestand haben. <\/h5>\n\n<\/div>\n\n<div class=\"gb-container gb-container-60cdf012 alignfull\">\n<div class=\"gb-container gb-container-8dbbda31\">\n<div class=\"gb-grid-wrapper gb-grid-wrapper-c74847dc\">\n<div class=\"gb-grid-column gb-grid-column-dbbbbe9e\"><div class=\"gb-container gb-container-dbbbbe9e\">\n\n<h3 class=\"gb-headline gb-headline-90e182a1 gb-headline-text\">Bezahlte Anzeigen<\/h3>\n\n\n\n<h5 class=\"gb-headline gb-headline-ea5286c0 gb-headline-text\">Bezahlte Anzeigen richtig schalten<\/h5>\n\n\n\n<p class=\"gb-headline gb-headline-2cb5cbd6 gb-headline-text\">Wir f\u00fchren bezahlte Kampagnen auf Meta, Google, LinkedIn und TikTok f\u00fcr Einzelh\u00e4ndler, Dienstleister und Wohlt\u00e4tigkeitsorganisationen durch.<\/p>\n\n\n\n<p class=\"gb-headline gb-headline-db0818a6 gb-headline-text\">Gro\u00dfe Erfolge mit bezahlten Anzeigen zu erzielen ist keine Raketenwissenschaft, erfordert jedoch eine ernsthafte Investition von Zeit und Tests. Es geht darum, zu wissen, welche L\u00f6sungen man wann braucht, \u00fcber das Wissen und die kreativen Ressourcen zu verf\u00fcgen, um alles f\u00fcr den Erfolg vorzubereiten, und immer einen Schritt voraus zu sein, egal welche Herausforderungen vor einem liegen. <\/p>\n\n\n\n<h6 class=\"gb-headline gb-headline-6d2a316c gb-headline-text\">So machen wir bezahlte Werbung:<\/h6>\n\n\n<div class=\"gb-container gb-container-00870ebd\">\n\n<ul class=\"wp-block-list\">\n<li>Wir \u00fcbersetzen Ihre Unternehmensziele in leistungsstarke Werbekampagnen, wobei wir Ihre KPIs stets im Blick haben. Wir passen Ihre Zielgruppe und deren Bed\u00fcrfnisse an besseren Content, optimierte Botschaften und \u00fcberzeugende Landingpages an. Unsere strategischen und datenbasierten Optimierungen zielen darauf ab, Woche f\u00fcr Woche und Monat f\u00fcr Monat niedrigere Kosten pro Ergebnis zu liefern.<\/li>\n<\/ul>\n\n<\/div>\n<\/div><\/div>\n\n<div class=\"gb-grid-column gb-grid-column-b91d985e\"><div class=\"gb-container gb-container-b91d985e\">\n\n<figure class=\"gb-block-image gb-block-image-8c98b503\"><img loading=\"lazy\" decoding=\"async\" width=\"600\" height=\"800\" class=\"gb-image gb-image-8c98b503\" src=\"https:\/\/trendify.se\/wp-content\/uploads\/2024\/10\/service_two.jpg\" alt=\"\" title=\"service_two\" srcset=\"https:\/\/trendify.se\/wp-content\/uploads\/2024\/10\/service_two.jpg 600w, https:\/\/trendify.se\/wp-content\/uploads\/2024\/10\/service_two-225x300.jpg 225w, https:\/\/trendify.se\/wp-content\/uploads\/2024\/10\/service_two-9x12.jpg 9w\" sizes=\"auto, (max-width: 600px) 100vw, 600px\" \/><\/figure>\n\n<\/div><\/div>\n<\/div>\n<\/div>\n<\/div>\n\n<div class=\"gb-container gb-container-d7ec34c6 alignfull\">\n<div class=\"gb-container gb-container-1e758a05\">\n<div class=\"gb-grid-wrapper gb-grid-wrapper-3f1af79d\">\n<div class=\"gb-grid-column gb-grid-column-94f1e5be\"><div class=\"gb-container gb-container-94f1e5be\">\n\n<h3 class=\"gb-headline gb-headline-ceb81c8a gb-headline-text\">SEO<\/h3>\n\n\n\n<h5 class=\"gb-headline gb-headline-abaa2737 gb-headline-text\">Ma\u00dfgeschneidertes SEO ist 2024 der einzige Weg, um im Suchmaschinenmarketing kosteneffizient zu sein.<\/h5>\n\n\n\n<p class=\"gb-headline gb-headline-9f110d94 gb-headline-text\">In SEO zu investieren bedeutet normalerweise, dass die gro\u00dfen Ergebnisse erst sp\u00e4ter eintreffen, und daran f\u00fchrt meist kein Weg vorbei. So funktioniert das Spiel. Aber ineffizientes SEO kann man vermeiden. <br><br>Wir gehen SEO etwas anders an als viele unserer Kollegen. Wir sind der \u00dcberzeugung, dass es f\u00fcr jeden Kunden fast immer eine spezifische Richtung im SEO gibt, bei der es Sinn macht, den Fokus voll darauf zu legen, anstatt die Bem\u00fchungen auf alle verschiedenen SEO-Aspekte gleichm\u00e4\u00dfig zu verteilen, wie es \u00fcblicherweise gemacht wird. Unser Ansatz besteht darin, stolz darauf zu sein, diese spezielle Richtung f\u00fcr Ihr Unternehmen zu identifizieren, und dann mit voller Kraft die Chancen so schnell wie m\u00f6glich zu ergreifen.  <\/p>\n\n\n\n<h6 class=\"gb-headline gb-headline-8be74053 gb-headline-text\">So machen wir SEO:<\/h6>\n\n\n\n<ul class=\"wp-block-list has-primary-1-color has-text-color has-link-color wp-elements-662668cfad8f915c1bb621098753116e\">\n<li>Wir passen die Kampagne an Ihre spezifischen Unternehmensziele an und stellen sicher, dass wir jedes kleine Datenpunkt ber\u00fccksichtigen, um die (fast) perfekte Kampagne f\u00fcr Ihre Bed\u00fcrfnisse zu analysieren und aufzusetzen. Monat 1 ist daf\u00fcr da, zuzuh\u00f6ren, Ihr Unternehmen und Ihre Branche zu verstehen, Daten zu sammeln und Analysen durchzuf\u00fchren, um die Strategie zu entwickeln. Ab Monat 2 geht es darum, Ergebnisse zu erzielen. <\/li>\n<\/ul>\n\n<\/div><\/div>\n\n<div class=\"gb-grid-column gb-grid-column-6d8a8db8\"><div class=\"gb-container gb-container-6d8a8db8\">\n\n<figure class=\"gb-block-image gb-block-image-5ac08e6b\"><img loading=\"lazy\" decoding=\"async\" width=\"600\" height=\"994\" class=\"gb-image gb-image-5ac08e6b\" src=\"https:\/\/trendify.se\/wp-content\/uploads\/2024\/10\/service_3.jpg\" alt=\"\" title=\"service_3\" srcset=\"https:\/\/trendify.se\/wp-content\/uploads\/2024\/10\/service_3.jpg 600w, https:\/\/trendify.se\/wp-content\/uploads\/2024\/10\/service_3-181x300.jpg 181w, https:\/\/trendify.se\/wp-content\/uploads\/2024\/10\/service_3-7x12.jpg 7w\" sizes=\"auto, (max-width: 600px) 100vw, 600px\" \/><\/figure>\n\n<\/div><\/div>\n<\/div>\n<\/div>\n<\/div>\n\n<div class=\"gb-container gb-container-c7d88988 alignfull\">\n<div class=\"gb-container gb-container-bba15105\">\n\n<h3 class=\"gb-headline gb-headline-07c8aa00 gb-headline-text\">M\u00f6chten Sie einen Partner, der sich wirklich um Ihre Performance k\u00fcmmert? <\/h3>\n\n\n\n<h4 class=\"gb-headline gb-headline-fb4a07ef\"><span class=\"gb-icon\"><svg xmlns:xlink=\"http:\/\/www.w3.org\/1999\/xlink\" xmlns=\"http:\/\/www.w3.org\/2000\/svg\" xml:space=\"preserve\" viewbox=\"0 0 32 32\" version=\"1.1\" id=\"\u0421\u043b\u043e\u0439_1\"><path id=\"Arrow_Forward\" fill-rule=\"evenodd\" fill=\"#FFFFFF\" d=\"M32,16.009c0-0.267-0.11-0.522-0.293-0.714  l-9.899-9.999c-0.391-0.395-1.024-0.394-1.414,0c-0.391,0.394-0.391,1.034,0,1.428l8.193,8.275H1c-0.552,0-1,0.452-1,1.01  s0.448,1.01,1,1.01h27.586l-8.192,8.275c-0.391,0.394-0.39,1.034,0,1.428c0.391,0.394,1.024,0.394,1.414,0l9.899-9.999  C31.894,16.534,31.997,16.274,32,16.009z\" clip-rule=\"evenodd\"><\/path><g><\/g><g><\/g><g><\/g><g><\/g><g><\/g><g><\/g><\/svg><\/span><span class=\"gb-headline-text\"><a href=\"https:\/\/trendify.se\/de\/contact-us\/\" data-type=\"page\" data-id=\"1171\">Nehmen Sie Kontakt auf<\/a><\/span><\/h4>\n\n<\/div>\n<\/div>","protected":false},"excerpt":{"rendered":"<p>SERVICES As your performance marketing partner, we provide you services with a promise to dig real deep, to challenge assumptions, and to ignite change that last. Want a partner that truly cares about your performance? Get in touch<\/p>","protected":false},"author":1,"featured_media":0,"parent":0,"menu_order":0,"comment_status":"closed","ping_status":"closed","template":"","meta":{"footnotes":""},"class_list":["post-896","page","type-page","status-publish"],"yoast_head":"<!-- This site is optimized with the Yoast SEO plugin v25.8 - https:\/\/yoast.com\/wordpress\/plugins\/seo\/ -->\n<title>Services - Trendify 2.0<\/title>\n<meta name=\"robots\" content=\"index, follow, max-snippet:-1, max-image-preview:large, max-video-preview:-1\" \/>\n<link rel=\"canonical\" href=\"https:\/\/trendify.se\/de\/services\/\" \/>\n<meta property=\"og:locale\" content=\"de_DE\" \/>\n<meta property=\"og:type\" content=\"article\" \/>\n<meta property=\"og:title\" content=\"Services - Trendify 2.0\" \/>\n<meta property=\"og:description\" content=\"SERVICES As your performance marketing partner, we provide you services with a promise to dig real deep, to challenge assumptions, and to ignite change that last. Want a partner that truly cares about your performance? Get in touch\" \/>\n<meta property=\"og:url\" content=\"https:\/\/trendify.se\/de\/services\/\" \/>\n<meta property=\"og:site_name\" content=\"Trendify 2.0\" \/>\n<meta property=\"article:modified_time\" content=\"2024-10-18T14:14:38+00:00\" \/>\n<meta property=\"og:image\" content=\"https:\/\/trendify.se\/wp-content\/uploads\/2024\/10\/service_two.jpg\" \/>\n<meta name=\"twitter:card\" content=\"summary_large_image\" \/>\n<meta name=\"twitter:label1\" content=\"Gesch\u00e4tzte Lesezeit\" \/>\n\t<meta name=\"twitter:data1\" content=\"2\u00a0Minuten\" \/>\n<script type=\"application\/ld+json\" class=\"yoast-schema-graph\">{\"@context\":\"https:\/\/schema.org\",\"@graph\":[{\"@type\":\"WebPage\",\"@id\":\"https:\/\/trendify.se\/services\/\",\"url\":\"https:\/\/trendify.se\/services\/\",\"name\":\"Services - Trendify 2.0\",\"isPartOf\":{\"@id\":\"https:\/\/trendify.se\/#website\"},\"primaryImageOfPage\":{\"@id\":\"https:\/\/trendify.se\/services\/#primaryimage\"},\"image\":{\"@id\":\"https:\/\/trendify.se\/services\/#primaryimage\"},\"thumbnailUrl\":\"https:\/\/trendify.se\/wp-content\/uploads\/2024\/10\/service_two.jpg\",\"datePublished\":\"2024-03-10T14:08:12+00:00\",\"dateModified\":\"2024-10-18T14:14:38+00:00\",\"breadcrumb\":{\"@id\":\"https:\/\/trendify.se\/services\/#breadcrumb\"},\"inLanguage\":\"de\",\"potentialAction\":[{\"@type\":\"ReadAction\",\"target\":[\"https:\/\/trendify.se\/services\/\"]}]},{\"@type\":\"ImageObject\",\"inLanguage\":\"de\",\"@id\":\"https:\/\/trendify.se\/services\/#primaryimage\",\"url\":\"https:\/\/trendify.se\/wp-content\/uploads\/2024\/10\/service_two.jpg\",\"contentUrl\":\"https:\/\/trendify.se\/wp-content\/uploads\/2024\/10\/service_two.jpg\"},{\"@type\":\"BreadcrumbList\",\"@id\":\"https:\/\/trendify.se\/services\/#breadcrumb\",\"itemListElement\":[{\"@type\":\"ListItem\",\"position\":1,\"name\":\"Home\",\"item\":\"https:\/\/trendify.se\/\"},{\"@type\":\"ListItem\",\"position\":2,\"name\":\"Services\"}]},{\"@type\":\"WebSite\",\"@id\":\"https:\/\/trendify.se\/#website\",\"url\":\"https:\/\/trendify.se\/\",\"name\":\"Trendify 2.0\",\"description\":\"Branded version\",\"publisher\":{\"@id\":\"https:\/\/trendify.se\/#organization\"},\"potentialAction\":[{\"@type\":\"SearchAction\",\"target\":{\"@type\":\"EntryPoint\",\"urlTemplate\":\"https:\/\/trendify.se\/?s={search_term_string}\"},\"query-input\":{\"@type\":\"PropertyValueSpecification\",\"valueRequired\":true,\"valueName\":\"search_term_string\"}}],\"inLanguage\":\"de\"},{\"@type\":\"Organization\",\"@id\":\"https:\/\/trendify.se\/#organization\",\"name\":\"Trendify 2.0\",\"url\":\"https:\/\/trendify.se\/\",\"logo\":{\"@type\":\"ImageObject\",\"inLanguage\":\"de\",\"@id\":\"https:\/\/trendify.se\/#\/schema\/logo\/image\/\",\"url\":\"https:\/\/trendify.se\/wp-content\/uploads\/2023\/12\/Trendify-green.png\",\"contentUrl\":\"https:\/\/trendify.se\/wp-content\/uploads\/2023\/12\/Trendify-green.png\",\"width\":5079,\"height\":1251,\"caption\":\"Trendify 2.0\"},\"image\":{\"@id\":\"https:\/\/trendify.se\/#\/schema\/logo\/image\/\"}}]}<\/script>\n<!-- \/ Yoast SEO plugin. -->","yoast_head_json":{"title":"Services - Trendify 2.0","robots":{"index":"index","follow":"follow","max-snippet":"max-snippet:-1","max-image-preview":"max-image-preview:large","max-video-preview":"max-video-preview:-1"},"canonical":"https:\/\/trendify.se\/de\/services\/","og_locale":"de_DE","og_type":"article","og_title":"Services - Trendify 2.0","og_description":"SERVICES As your performance marketing partner, we provide you services with a promise to dig real deep, to challenge assumptions, and to ignite change that last. Want a partner that truly cares about your performance? Get in touch","og_url":"https:\/\/trendify.se\/de\/services\/","og_site_name":"Trendify 2.0","article_modified_time":"2024-10-18T14:14:38+00:00","og_image":[{"url":"https:\/\/trendify.se\/wp-content\/uploads\/2024\/10\/service_two.jpg","type":"","width":"","height":""}],"twitter_card":"summary_large_image","twitter_misc":{"Gesch\u00e4tzte Lesezeit":"2\u00a0Minuten"},"schema":{"@context":"https:\/\/schema.org","@graph":[{"@type":"WebPage","@id":"https:\/\/trendify.se\/services\/","url":"https:\/\/trendify.se\/services\/","name":"Services - Trendify 2.0","isPartOf":{"@id":"https:\/\/trendify.se\/#website"},"primaryImageOfPage":{"@id":"https:\/\/trendify.se\/services\/#primaryimage"},"image":{"@id":"https:\/\/trendify.se\/services\/#primaryimage"},"thumbnailUrl":"https:\/\/trendify.se\/wp-content\/uploads\/2024\/10\/service_two.jpg","datePublished":"2024-03-10T14:08:12+00:00","dateModified":"2024-10-18T14:14:38+00:00","breadcrumb":{"@id":"https:\/\/trendify.se\/services\/#breadcrumb"},"inLanguage":"de","potentialAction":[{"@type":"ReadAction","target":["https:\/\/trendify.se\/services\/"]}]},{"@type":"ImageObject","inLanguage":"de","@id":"https:\/\/trendify.se\/services\/#primaryimage","url":"https:\/\/trendify.se\/wp-content\/uploads\/2024\/10\/service_two.jpg","contentUrl":"https:\/\/trendify.se\/wp-content\/uploads\/2024\/10\/service_two.jpg"},{"@type":"BreadcrumbList","@id":"https:\/\/trendify.se\/services\/#breadcrumb","itemListElement":[{"@type":"ListItem","position":1,"name":"Home","item":"https:\/\/trendify.se\/"},{"@type":"ListItem","position":2,"name":"Services"}]},{"@type":"WebSite","@id":"https:\/\/trendify.se\/#website","url":"https:\/\/trendify.se\/","name":"Trendify 2.0","description":"Branded version","publisher":{"@id":"https:\/\/trendify.se\/#organization"},"potentialAction":[{"@type":"SearchAction","target":{"@type":"EntryPoint","urlTemplate":"https:\/\/trendify.se\/?s={search_term_string}"},"query-input":{"@type":"PropertyValueSpecification","valueRequired":true,"valueName":"search_term_string"}}],"inLanguage":"de"},{"@type":"Organization","@id":"https:\/\/trendify.se\/#organization","name":"Trendify 2.0","url":"https:\/\/trendify.se\/","logo":{"@type":"ImageObject","inLanguage":"de","@id":"https:\/\/trendify.se\/#\/schema\/logo\/image\/","url":"https:\/\/trendify.se\/wp-content\/uploads\/2023\/12\/Trendify-green.png","contentUrl":"https:\/\/trendify.se\/wp-content\/uploads\/2023\/12\/Trendify-green.png","width":5079,"height":1251,"caption":"Trendify 2.0"},"image":{"@id":"https:\/\/trendify.se\/#\/schema\/logo\/image\/"}}]}},"_links":{"self":[{"href":"https:\/\/trendify.se\/de\/wp-json\/wp\/v2\/pages\/896","targetHints":{"allow":["GET"]}}],"collection":[{"href":"https:\/\/trendify.se\/de\/wp-json\/wp\/v2\/pages"}],"about":[{"href":"https:\/\/trendify.se\/de\/wp-json\/wp\/v2\/types\/page"}],"author":[{"embeddable":true,"href":"https:\/\/trendify.se\/de\/wp-json\/wp\/v2\/users\/1"}],"replies":[{"embeddable":true,"href":"https:\/\/trendify.se\/de\/wp-json\/wp\/v2\/comments?post=896"}],"version-history":[{"count":173,"href":"https:\/\/trendify.se\/de\/wp-json\/wp\/v2\/pages\/896\/revisions"}],"predecessor-version":[{"id":1865,"href":"https:\/\/trendify.se\/de\/wp-json\/wp\/v2\/pages\/896\/revisions\/1865"}],"wp:attachment":[{"href":"https:\/\/trendify.se\/de\/wp-json\/wp\/v2\/media?parent=896"}],"curies":[{"name":"wp","href":"https:\/\/api.w.org\/{rel}","templated":true}]}}