{"id":658,"date":"2024-03-07T22:45:49","date_gmt":"2024-03-07T22:45:49","guid":{"rendered":"https:\/\/trendify.se\/?page_id=658"},"modified":"2024-10-18T14:00:58","modified_gmt":"2024-10-18T14:00:58","slug":"our-story","status":"publish","type":"page","link":"https:\/\/trendify.se\/de\/our-story\/","title":{"rendered":"\u00dcber uns"},"content":{"rendered":"<div class=\"gb-container gb-container-a1e1c636\">\n\n<h1 class=\"gb-headline gb-headline-ed70e724 gb-headline-text\">EIN WENIG \u00dcBER UNS<\/h1>\n\n\n\n<h5 class=\"gb-headline gb-headline-00eede55 gb-headline-text\">Performance-Marketing im Jahr 2024 ist kein Ort f\u00fcr Dinosaurier. Wir sind ein Unternehmen, das st\u00e4ndig neue Ideen und L\u00f6sungen f\u00f6rdert, da wir erkennen, dass wir in einem Gesch\u00e4ftsbereich t\u00e4tig sind, in dem Ver\u00e4nderungen schneller denn je stattfinden. Wir m\u00fcssen stets wachsam sein, und unser Ziel ist es sicherzustellen, dass unsere Systeme und Abl\u00e4ufe entsprechend darauf reagieren.<\/h5>\n\n\n<div class=\"gb-container gb-container-5e12e196\">\n<div class=\"gb-container gb-container-8ff4588c alignfull\">\n\n<figure class=\"gb-block-image gb-block-image-22374253\"><img loading=\"lazy\" decoding=\"async\" width=\"850\" height=\"567\" class=\"gb-image gb-image-22374253\" src=\"https:\/\/trendify.se\/wp-content\/uploads\/2024\/03\/TEAM2.jpg\" alt=\"\" title=\"TEAM2\" srcset=\"https:\/\/trendify.se\/wp-content\/uploads\/2024\/03\/TEAM2.jpg 850w, https:\/\/trendify.se\/wp-content\/uploads\/2024\/03\/TEAM2-300x200.jpg 300w, https:\/\/trendify.se\/wp-content\/uploads\/2024\/03\/TEAM2-768x512.jpg 768w\" sizes=\"auto, (max-width: 850px) 100vw, 850px\" \/><\/figure>\n\n<\/div>\n\n\n<h3 class=\"gb-headline gb-headline-3049f5dd gb-headline-text\">Kompaktes Team<\/h3>\n\n\n\n<h5 class=\"gb-headline gb-headline-c69db965 gb-headline-text\">Klein, aber agil<\/h5>\n\n\n<div class=\"gb-grid-wrapper gb-grid-wrapper-8f0c1245\">\n<div class=\"gb-grid-column gb-grid-column-471b0ee9\"><div class=\"gb-container gb-container-471b0ee9\">\n\n<h6 class=\"gb-headline gb-headline-421b6fd3 gb-headline-text\">Ein Grundpfeiler unseres Ansatzes ist unser Engagement f\u00fcr eine schlanke Teamstruktur. Wir haben festgestellt, dass wir mit einem engagierten Team von 4 bis 6 Spezialisten au\u00dfergew\u00f6hnliche Ergebnisse sowohl f\u00fcr unsere Kunden als auch f\u00fcr unser Unternehmen erzielen k\u00f6nnen. <br><br>Diese strategische Wahl der Teamgr\u00f6\u00dfe f\u00f6rdert effektive Zusammenarbeit, klare Kommunikation und eine makellose Projektausf\u00fchrung, wodurch wir sicherstellen, dass wir die Erwartungen erf\u00fcllen und \u00fcbertreffen.<\/h6>\n\n<\/div><\/div>\n\n<div class=\"gb-grid-column gb-grid-column-87f1f803\"><div class=\"gb-container gb-container-87f1f803\">\n\n<figure class=\"gb-block-image gb-block-image-549709e1\"><img loading=\"lazy\" decoding=\"async\" width=\"850\" height=\"567\" class=\"gb-image gb-image-549709e1\" src=\"https:\/\/trendify.se\/wp-content\/uploads\/2024\/03\/TEAM2.jpg\" alt=\"\" title=\"TEAM2\" srcset=\"https:\/\/trendify.se\/wp-content\/uploads\/2024\/03\/TEAM2.jpg 850w, https:\/\/trendify.se\/wp-content\/uploads\/2024\/03\/TEAM2-300x200.jpg 300w, https:\/\/trendify.se\/wp-content\/uploads\/2024\/03\/TEAM2-768x512.jpg 768w\" sizes=\"auto, (max-width: 850px) 100vw, 850px\" \/><\/figure>\n\n<\/div><\/div>\n<\/div>\n<\/div>\n<\/div>\n\n<div class=\"gb-container gb-container-d0905b99 alignfull\"><\/div>\n\n<div class=\"gb-container gb-container-d77c19e6\">\n<div class=\"gb-container gb-container-a46834f9\">\n<div class=\"gb-container gb-container-957ed90d\">\n<div class=\"gb-container gb-container-1b1c30b8\">\n<div class=\"gb-grid-wrapper gb-grid-wrapper-a40e4172\">\n<div class=\"gb-grid-column gb-grid-column-d38c2034\"><div class=\"gb-container gb-container-d38c2034\">\n\n<h4 class=\"gb-headline gb-headline-79116761 gb-headline-text\">Wir sind<\/h4>\n\n\n\n<p><strong>5<\/strong> qualifizierte und sympathische Teammitglieder<br><strong>30+<\/strong> Durchschnittsalter<br><strong>40+<\/strong> Jahre geb\u00fcndelte Marketingerfahrung<\/p>\n\n\n\n<figure class=\"wp-block-image size-full is-resized\"><img loading=\"lazy\" decoding=\"async\" width=\"957\" height=\"957\" src=\"https:\/\/trendify.se\/wp-content\/uploads\/2024\/03\/Trendify-symbol-green.png\" alt=\"\" class=\"wp-image-702\" style=\"width:78px\" srcset=\"https:\/\/trendify.se\/wp-content\/uploads\/2024\/03\/Trendify-symbol-green.png 957w, https:\/\/trendify.se\/wp-content\/uploads\/2024\/03\/Trendify-symbol-green-300x300.png 300w, https:\/\/trendify.se\/wp-content\/uploads\/2024\/03\/Trendify-symbol-green-150x150.png 150w, https:\/\/trendify.se\/wp-content\/uploads\/2024\/03\/Trendify-symbol-green-768x768.png 768w\" sizes=\"auto, (max-width: 957px) 100vw, 957px\" \/><\/figure>\n\n<\/div><\/div>\n\n<div class=\"gb-grid-column gb-grid-column-596e0455\"><div class=\"gb-container gb-container-596e0455\">\n\n<h4 class=\"gb-headline gb-headline-8309cc20 gb-headline-text\">Unser Start<\/h4>\n\n\n\n<p>Wir haben vor 8 Jahren, 2016, angefangen. Nicht in einer Garage und nicht zuf\u00e4llig, sondern mit dem klaren Ziel, zu ver\u00e4ndern, wie eine Marketingagentur agieren und sein kann.<br><br>Unser Kern ist leistungsstarkes Marketing. Bei jedem Projekt, das wir \u00fcbernehmen, streben wir danach, f\u00fcr unsere Kunden unvergessliche und bahnbrechende Arbeit zu leisten \u2013 und wir beweisen es durch unsere Ergebnisse. <\/p>\n\n\n\n<p>Unser Team kann alles liefern, von der Erstellung Ihrer ersten digitalen Marketingstrategie bis hin zur Auffrischung und Rettung eines alten, sinkenden Schiffes. Wir sind ein multidisziplin\u00e4res Team aus Strategen, Paid-Spezialisten, Suchmaschinen-Experten und Tracking-Technikern. Und wir sind auch noch nette Leute!<\/p>\n\n<\/div><\/div>\n<\/div>\n<\/div>\n<\/div>\n<\/div>\n\n<div class=\"gb-container gb-container-775c0280\">\n<div class=\"gb-grid-wrapper gb-grid-wrapper-e7844f95\">\n<div class=\"gb-grid-column gb-grid-column-54d68758\"><div class=\"gb-container gb-container-54d68758\">\n\n<p class=\"gb-headline gb-headline-2f0f8160 gb-headline-text\">Johan Laryd<\/p>\n\n\n\n<p class=\"gb-headline gb-headline-d267a247 gb-headline-text\">Head of paid<\/p>\n\n<\/div><\/div>\n\n<div class=\"gb-grid-column gb-grid-column-ba9554c3\"><div class=\"gb-container gb-container-ba9554c3\">\n\n<p class=\"gb-headline gb-headline-08b3a280 gb-headline-text\">Linn Dokken<\/p>\n\n\n\n<p class=\"gb-headline gb-headline-f6e109d5 gb-headline-text\">Paid ad specialist<\/p>\n\n<\/div><\/div>\n\n<div class=\"gb-grid-column gb-grid-column-424c9b79\"><div class=\"gb-container gb-container-424c9b79\">\n\n<p class=\"gb-headline gb-headline-467bb2b9 gb-headline-text\">Olof Ekdala<\/p>\n\n\n\n<p class=\"gb-headline gb-headline-fab34ac7 gb-headline-text\">Head of SEO<\/p>\n\n<\/div><\/div>\n\n<div class=\"gb-grid-column gb-grid-column-e15169fb\"><div class=\"gb-container gb-container-e15169fb\">\n\n<p class=\"gb-headline gb-headline-0ec506df gb-headline-text\">Mikaela Ljung<\/p>\n\n\n\n<p class=\"gb-headline gb-headline-64f34b13 gb-headline-text\">Paid ad specialist<\/p>\n\n<\/div><\/div>\n<\/div>\n<\/div>\n<\/div>","protected":false},"excerpt":{"rendered":"<p>A LITTLE BIT ABOUT US Performance marketing in 2024 is no time for dinosaurs. We&#8217;re a company that encourage new ideas and solutions constantly, as we realize we&#8217;re operating in a business space where changes happen more rapidly than ever. We need to be on our toes, and our objective is to make sure our &#8230; <a title=\"\u00dcber uns\" class=\"read-more\" href=\"https:\/\/trendify.se\/de\/our-story\/\" aria-label=\"Mehr Informationen \u00fcber About\">Weiterlesen<\/a><\/p>","protected":false},"author":1,"featured_media":0,"parent":0,"menu_order":0,"comment_status":"closed","ping_status":"closed","template":"","meta":{"footnotes":""},"class_list":["post-658","page","type-page","status-publish"],"yoast_head":"<!-- This site is optimized with the Yoast SEO plugin v25.8 - https:\/\/yoast.com\/wordpress\/plugins\/seo\/ -->\n<title>About - Trendify 2.0<\/title>\n<meta name=\"robots\" content=\"index, follow, max-snippet:-1, max-image-preview:large, max-video-preview:-1\" \/>\n<link rel=\"canonical\" href=\"https:\/\/trendify.se\/de\/our-story\/\" \/>\n<meta property=\"og:locale\" content=\"de_DE\" \/>\n<meta property=\"og:type\" content=\"article\" \/>\n<meta property=\"og:title\" content=\"About - Trendify 2.0\" \/>\n<meta property=\"og:description\" content=\"A LITTLE BIT ABOUT US Performance marketing in 2024 is no time for dinosaurs. We&#8217;re a company that encourage new ideas and solutions constantly, as we realize we&#8217;re operating in a business space where changes happen more rapidly than ever. We need to be on our toes, and our objective is to make sure our ... Weiterlesen\" \/>\n<meta property=\"og:url\" content=\"https:\/\/trendify.se\/de\/our-story\/\" \/>\n<meta property=\"og:site_name\" content=\"Trendify 2.0\" \/>\n<meta property=\"article:modified_time\" content=\"2024-10-18T14:00:58+00:00\" \/>\n<meta property=\"og:image\" content=\"https:\/\/trendify.se\/wp-content\/uploads\/2024\/03\/TEAM2.jpg\" \/>\n<meta name=\"twitter:card\" content=\"summary_large_image\" \/>\n<meta name=\"twitter:label1\" content=\"Gesch\u00e4tzte Lesezeit\" \/>\n\t<meta name=\"twitter:data1\" content=\"1\u00a0Minute\" \/>\n<script type=\"application\/ld+json\" class=\"yoast-schema-graph\">{\"@context\":\"https:\/\/schema.org\",\"@graph\":[{\"@type\":\"WebPage\",\"@id\":\"https:\/\/trendify.se\/our-story\/\",\"url\":\"https:\/\/trendify.se\/our-story\/\",\"name\":\"About - Trendify 2.0\",\"isPartOf\":{\"@id\":\"https:\/\/trendify.se\/#website\"},\"primaryImageOfPage\":{\"@id\":\"https:\/\/trendify.se\/our-story\/#primaryimage\"},\"image\":{\"@id\":\"https:\/\/trendify.se\/our-story\/#primaryimage\"},\"thumbnailUrl\":\"https:\/\/trendify.se\/wp-content\/uploads\/2024\/03\/TEAM2.jpg\",\"datePublished\":\"2024-03-07T22:45:49+00:00\",\"dateModified\":\"2024-10-18T14:00:58+00:00\",\"breadcrumb\":{\"@id\":\"https:\/\/trendify.se\/our-story\/#breadcrumb\"},\"inLanguage\":\"de\",\"potentialAction\":[{\"@type\":\"ReadAction\",\"target\":[\"https:\/\/trendify.se\/our-story\/\"]}]},{\"@type\":\"ImageObject\",\"inLanguage\":\"de\",\"@id\":\"https:\/\/trendify.se\/our-story\/#primaryimage\",\"url\":\"https:\/\/trendify.se\/wp-content\/uploads\/2024\/03\/TEAM2.jpg\",\"contentUrl\":\"https:\/\/trendify.se\/wp-content\/uploads\/2024\/03\/TEAM2.jpg\"},{\"@type\":\"BreadcrumbList\",\"@id\":\"https:\/\/trendify.se\/our-story\/#breadcrumb\",\"itemListElement\":[{\"@type\":\"ListItem\",\"position\":1,\"name\":\"Home\",\"item\":\"https:\/\/trendify.se\/\"},{\"@type\":\"ListItem\",\"position\":2,\"name\":\"About\"}]},{\"@type\":\"WebSite\",\"@id\":\"https:\/\/trendify.se\/#website\",\"url\":\"https:\/\/trendify.se\/\",\"name\":\"Trendify 2.0\",\"description\":\"Branded version\",\"publisher\":{\"@id\":\"https:\/\/trendify.se\/#organization\"},\"potentialAction\":[{\"@type\":\"SearchAction\",\"target\":{\"@type\":\"EntryPoint\",\"urlTemplate\":\"https:\/\/trendify.se\/?s={search_term_string}\"},\"query-input\":{\"@type\":\"PropertyValueSpecification\",\"valueRequired\":true,\"valueName\":\"search_term_string\"}}],\"inLanguage\":\"de\"},{\"@type\":\"Organization\",\"@id\":\"https:\/\/trendify.se\/#organization\",\"name\":\"Trendify 2.0\",\"url\":\"https:\/\/trendify.se\/\",\"logo\":{\"@type\":\"ImageObject\",\"inLanguage\":\"de\",\"@id\":\"https:\/\/trendify.se\/#\/schema\/logo\/image\/\",\"url\":\"https:\/\/trendify.se\/wp-content\/uploads\/2023\/12\/Trendify-green.png\",\"contentUrl\":\"https:\/\/trendify.se\/wp-content\/uploads\/2023\/12\/Trendify-green.png\",\"width\":5079,\"height\":1251,\"caption\":\"Trendify 2.0\"},\"image\":{\"@id\":\"https:\/\/trendify.se\/#\/schema\/logo\/image\/\"}}]}<\/script>\n<!-- \/ Yoast SEO plugin. -->","yoast_head_json":{"title":"About - Trendify 2.0","robots":{"index":"index","follow":"follow","max-snippet":"max-snippet:-1","max-image-preview":"max-image-preview:large","max-video-preview":"max-video-preview:-1"},"canonical":"https:\/\/trendify.se\/de\/our-story\/","og_locale":"de_DE","og_type":"article","og_title":"About - Trendify 2.0","og_description":"A LITTLE BIT ABOUT US Performance marketing in 2024 is no time for dinosaurs. We&#8217;re a company that encourage new ideas and solutions constantly, as we realize we&#8217;re operating in a business space where changes happen more rapidly than ever. We need to be on our toes, and our objective is to make sure our ... Weiterlesen","og_url":"https:\/\/trendify.se\/de\/our-story\/","og_site_name":"Trendify 2.0","article_modified_time":"2024-10-18T14:00:58+00:00","og_image":[{"url":"https:\/\/trendify.se\/wp-content\/uploads\/2024\/03\/TEAM2.jpg","type":"","width":"","height":""}],"twitter_card":"summary_large_image","twitter_misc":{"Gesch\u00e4tzte Lesezeit":"1\u00a0Minute"},"schema":{"@context":"https:\/\/schema.org","@graph":[{"@type":"WebPage","@id":"https:\/\/trendify.se\/our-story\/","url":"https:\/\/trendify.se\/our-story\/","name":"About - Trendify 2.0","isPartOf":{"@id":"https:\/\/trendify.se\/#website"},"primaryImageOfPage":{"@id":"https:\/\/trendify.se\/our-story\/#primaryimage"},"image":{"@id":"https:\/\/trendify.se\/our-story\/#primaryimage"},"thumbnailUrl":"https:\/\/trendify.se\/wp-content\/uploads\/2024\/03\/TEAM2.jpg","datePublished":"2024-03-07T22:45:49+00:00","dateModified":"2024-10-18T14:00:58+00:00","breadcrumb":{"@id":"https:\/\/trendify.se\/our-story\/#breadcrumb"},"inLanguage":"de","potentialAction":[{"@type":"ReadAction","target":["https:\/\/trendify.se\/our-story\/"]}]},{"@type":"ImageObject","inLanguage":"de","@id":"https:\/\/trendify.se\/our-story\/#primaryimage","url":"https:\/\/trendify.se\/wp-content\/uploads\/2024\/03\/TEAM2.jpg","contentUrl":"https:\/\/trendify.se\/wp-content\/uploads\/2024\/03\/TEAM2.jpg"},{"@type":"BreadcrumbList","@id":"https:\/\/trendify.se\/our-story\/#breadcrumb","itemListElement":[{"@type":"ListItem","position":1,"name":"Home","item":"https:\/\/trendify.se\/"},{"@type":"ListItem","position":2,"name":"About"}]},{"@type":"WebSite","@id":"https:\/\/trendify.se\/#website","url":"https:\/\/trendify.se\/","name":"Trendify 2.0","description":"Branded version","publisher":{"@id":"https:\/\/trendify.se\/#organization"},"potentialAction":[{"@type":"SearchAction","target":{"@type":"EntryPoint","urlTemplate":"https:\/\/trendify.se\/?s={search_term_string}"},"query-input":{"@type":"PropertyValueSpecification","valueRequired":true,"valueName":"search_term_string"}}],"inLanguage":"de"},{"@type":"Organization","@id":"https:\/\/trendify.se\/#organization","name":"Trendify 2.0","url":"https:\/\/trendify.se\/","logo":{"@type":"ImageObject","inLanguage":"de","@id":"https:\/\/trendify.se\/#\/schema\/logo\/image\/","url":"https:\/\/trendify.se\/wp-content\/uploads\/2023\/12\/Trendify-green.png","contentUrl":"https:\/\/trendify.se\/wp-content\/uploads\/2023\/12\/Trendify-green.png","width":5079,"height":1251,"caption":"Trendify 2.0"},"image":{"@id":"https:\/\/trendify.se\/#\/schema\/logo\/image\/"}}]}},"_links":{"self":[{"href":"https:\/\/trendify.se\/de\/wp-json\/wp\/v2\/pages\/658","targetHints":{"allow":["GET"]}}],"collection":[{"href":"https:\/\/trendify.se\/de\/wp-json\/wp\/v2\/pages"}],"about":[{"href":"https:\/\/trendify.se\/de\/wp-json\/wp\/v2\/types\/page"}],"author":[{"embeddable":true,"href":"https:\/\/trendify.se\/de\/wp-json\/wp\/v2\/users\/1"}],"replies":[{"embeddable":true,"href":"https:\/\/trendify.se\/de\/wp-json\/wp\/v2\/comments?post=658"}],"version-history":[{"count":127,"href":"https:\/\/trendify.se\/de\/wp-json\/wp\/v2\/pages\/658\/revisions"}],"predecessor-version":[{"id":1846,"href":"https:\/\/trendify.se\/de\/wp-json\/wp\/v2\/pages\/658\/revisions\/1846"}],"wp:attachment":[{"href":"https:\/\/trendify.se\/de\/wp-json\/wp\/v2\/media?parent=658"}],"curies":[{"name":"wp","href":"https:\/\/api.w.org\/{rel}","templated":true}]}}