{"id":418,"date":"2024-03-07T14:58:30","date_gmt":"2024-03-07T14:58:30","guid":{"rendered":"https:\/\/trendify.se\/?page_id=418"},"modified":"2024-04-03T20:36:43","modified_gmt":"2024-04-03T20:36:43","slug":"take-2-start","status":"publish","type":"page","link":"https:\/\/trendify.se\/de\/take-2-start\/","title":{"rendered":"Startsida"},"content":{"rendered":"<div class=\"gb-container gb-container-849630de\">\n\n<h5 class=\"gb-headline gb-headline-becc1cd4 gb-headline-text\">Wir sind ein Performance-Marketing-B\u00fcro mit Sitz in G\u00f6teborg und Kristianstad. Mit einem starken Glauben an strategisch fundierte und ma\u00dfgeschneiderte Systeme streben wir danach, L\u00f6sungen zu schaffen, die f\u00fcr jeden Kunden echte Ergebnisse liefern.<\/h5>\n\n\n<div class=\"gb-container gb-container-6be74d5b\">\n\n<h2 class=\"gb-headline gb-headline-8004918b gb-headline-text\">8 YEARS OF CHANGING<br>THE LANDSCAPE<\/h2>\n\n<\/div>\n\n<div class=\"gb-container gb-container-c67a44a3\">\n\n<h6 class=\"gb-headline gb-headline-fcc3a7d2 gb-headline-text\">&#8216;Tailored First&#8217; Performance Marketing<\/h6>\n\n\n<div class=\"gb-grid-wrapper gb-grid-wrapper-d90f0492\">\n<div class=\"gb-grid-column gb-grid-column-50082f78\"><div class=\"gb-container gb-container-50082f78\">\n\n<p class=\"gb-headline gb-headline-74aae621 gb-headline-text\">In January 2016 Trendify came to life with a clear idea of how a modern performance marketing bureau should be run. Gathering great talent fuelled by high ambitions, and campaigns run in a way where quality is the last thing to be sacrificed, we tailor marketing efforts that generate real results, for every client. <\/p>\n\n\n\n<p class=\"gb-headline gb-headline-1cb7d98e gb-headline-text\"><strong>No serving and selling EVERY marketing service one can possible think of, but solely focusing on the best bang for buck marketing effort YOUR company needs. <\/strong><\/p>\n\n\n\n<h5 class=\"gb-headline gb-headline-34bfe736\"><span class=\"gb-icon\"><svg xmlns:xlink=\"http:\/\/www.w3.org\/1999\/xlink\" xmlns=\"http:\/\/www.w3.org\/2000\/svg\" xml:space=\"preserve\" viewbox=\"0 0 32 32\" version=\"1.1\" id=\"\u0421\u043b\u043e\u0439_1\"><path id=\"Arrow_Forward\" fill-rule=\"evenodd\" fill=\"#121313\" d=\"M32,16.009c0-0.267-0.11-0.522-0.293-0.714  l-9.899-9.999c-0.391-0.395-1.024-0.394-1.414,0c-0.391,0.394-0.391,1.034,0,1.428l8.193,8.275H1c-0.552,0-1,0.452-1,1.01  s0.448,1.01,1,1.01h27.586l-8.192,8.275c-0.391,0.394-0.39,1.034,0,1.428c0.391,0.394,1.024,0.394,1.414,0l9.899-9.999  C31.894,16.534,31.997,16.274,32,16.009z\" clip-rule=\"evenodd\"><\/path><g><\/g><g><\/g><g><\/g><g><\/g><g><\/g><g><\/g><\/svg><\/span><span class=\"gb-headline-text\"><a href=\"https:\/\/trendify.se\/de\/services\/\" data-type=\"page\" data-id=\"896\">Leistungen<\/a><\/span><\/h5>\n\n\n\n<h5 class=\"gb-headline gb-headline-c93d53ba\"><span class=\"gb-icon\"><svg xmlns:xlink=\"http:\/\/www.w3.org\/1999\/xlink\" xmlns=\"http:\/\/www.w3.org\/2000\/svg\" xml:space=\"preserve\" viewbox=\"0 0 32 32\" version=\"1.1\" id=\"\u0421\u043b\u043e\u0439_1\"><path id=\"Arrow_Forward\" fill-rule=\"evenodd\" fill=\"#121313\" d=\"M32,16.009c0-0.267-0.11-0.522-0.293-0.714  l-9.899-9.999c-0.391-0.395-1.024-0.394-1.414,0c-0.391,0.394-0.391,1.034,0,1.428l8.193,8.275H1c-0.552,0-1,0.452-1,1.01  s0.448,1.01,1,1.01h27.586l-8.192,8.275c-0.391,0.394-0.39,1.034,0,1.428c0.391,0.394,1.024,0.394,1.414,0l9.899-9.999  C31.894,16.534,31.997,16.274,32,16.009z\" clip-rule=\"evenodd\"><\/path><g><\/g><g><\/g><g><\/g><g><\/g><g><\/g><g><\/g><\/svg><\/span><span class=\"gb-headline-text\"><a href=\"https:\/\/trendify.se\/de\/our-approach\/\" data-type=\"page\" data-id=\"1017\">Ansatz<\/a><\/span><\/h5>\n\n\n\n<h5 class=\"gb-headline gb-headline-dd23111d\"><span class=\"gb-icon\"><svg xmlns:xlink=\"http:\/\/www.w3.org\/1999\/xlink\" xmlns=\"http:\/\/www.w3.org\/2000\/svg\" xml:space=\"preserve\" viewbox=\"0 0 32 32\" version=\"1.1\" id=\"\u0421\u043b\u043e\u0439_1\"><path id=\"Arrow_Forward\" fill-rule=\"evenodd\" fill=\"#121313\" d=\"M32,16.009c0-0.267-0.11-0.522-0.293-0.714  l-9.899-9.999c-0.391-0.395-1.024-0.394-1.414,0c-0.391,0.394-0.391,1.034,0,1.428l8.193,8.275H1c-0.552,0-1,0.452-1,1.01  s0.448,1.01,1,1.01h27.586l-8.192,8.275c-0.391,0.394-0.39,1.034,0,1.428c0.391,0.394,1.024,0.394,1.414,0l9.899-9.999  C31.894,16.534,31.997,16.274,32,16.009z\" clip-rule=\"evenodd\"><\/path><g><\/g><g><\/g><g><\/g><g><\/g><g><\/g><g><\/g><\/svg><\/span><span class=\"gb-headline-text\"><a href=\"https:\/\/trendify.se\/de\/case-work\/\" data-type=\"page\" data-id=\"1111\">Projekte<\/a><\/span><\/h5>\n\n\n\n<h5 class=\"gb-headline gb-headline-91c263c3\"><span class=\"gb-icon\"><svg xmlns:xlink=\"http:\/\/www.w3.org\/1999\/xlink\" xmlns=\"http:\/\/www.w3.org\/2000\/svg\" xml:space=\"preserve\" viewbox=\"0 0 32 32\" version=\"1.1\" id=\"\u0421\u043b\u043e\u0439_1\"><path id=\"Arrow_Forward\" fill-rule=\"evenodd\" fill=\"#121313\" d=\"M32,16.009c0-0.267-0.11-0.522-0.293-0.714  l-9.899-9.999c-0.391-0.395-1.024-0.394-1.414,0c-0.391,0.394-0.391,1.034,0,1.428l8.193,8.275H1c-0.552,0-1,0.452-1,1.01  s0.448,1.01,1,1.01h27.586l-8.192,8.275c-0.391,0.394-0.39,1.034,0,1.428c0.391,0.394,1.024,0.394,1.414,0l9.899-9.999  C31.894,16.534,31.997,16.274,32,16.009z\" clip-rule=\"evenodd\"><\/path><g><\/g><g><\/g><g><\/g><g><\/g><g><\/g><g><\/g><\/svg><\/span><span class=\"gb-headline-text\"><a href=\"https:\/\/trendify.se\/de\/our-story\/\" data-type=\"page\" data-id=\"658\">\u00dcber uns<\/a><\/span><\/h5>\n\n<\/div><\/div>\n\n<div class=\"gb-grid-column gb-grid-column-da380f03\"><div class=\"gb-container gb-container-da380f03\"><\/div><\/div>\n<\/div>\n<\/div>\n<\/div>\n\n<div class=\"gb-container gb-container-5c00f4f5 alignfull\">\n<div class=\"gb-container gb-container-c7326789\">\n<div class=\"gb-container gb-container-07da232f\">\n<div class=\"gb-container gb-container-fdd66f80\">\n\n<h2 class=\"gb-headline gb-headline-f6e74ecc gb-headline-text\">HALL OF FAME<\/h2>\n\n\n<div class=\"gb-grid-wrapper gb-grid-wrapper-a54f54ba\">\n<div class=\"gb-grid-column gb-grid-column-c1e961c3\"><div class=\"gb-container gb-container-c1e961c3\">\n\n<h4 class=\"gb-headline gb-headline-ecd03548 gb-headline-text\">Avanza<\/h4>\n\n<\/div><\/div>\n\n<div class=\"gb-grid-column gb-grid-column-b579881d\"><div class=\"gb-container gb-container-b579881d\">\n\n<h4 class=\"gb-headline gb-headline-813a955e gb-headline-text\">SF Anytime<\/h4>\n\n<\/div><\/div>\n\n<div class=\"gb-grid-column gb-grid-column-ef1479b5\"><div class=\"gb-container gb-container-ef1479b5\">\n\n<h4 class=\"gb-headline gb-headline-0e0c897a gb-headline-text\">Svegro<\/h4>\n\n<\/div><\/div>\n\n<div class=\"gb-grid-column gb-grid-column-bcc4d6e0\"><div class=\"gb-container gb-container-bcc4d6e0\">\n\n<h4 class=\"gb-headline gb-headline-9c8e8cac gb-headline-text\">Beatly<\/h4>\n\n<\/div><\/div>\n\n<div class=\"gb-grid-column gb-grid-column-e4f57cb8\"><div class=\"gb-container gb-container-e4f57cb8\">\n\n<h4 class=\"gb-headline gb-headline-791aaeca gb-headline-text\">Triumf Glass<\/h4>\n\n<\/div><\/div>\n\n<div class=\"gb-grid-column gb-grid-column-e5dc2f50\"><div class=\"gb-container gb-container-e5dc2f50\">\n\n<h4 class=\"gb-headline gb-headline-43212c70 gb-headline-text\">Decatak<\/h4>\n\n<\/div><\/div>\n\n<div class=\"gb-grid-column gb-grid-column-c8fdbe2a\"><div class=\"gb-container gb-container-c8fdbe2a\">\n\n<h4 class=\"gb-headline gb-headline-d3ed510f gb-headline-text\">Lavinde <\/h4>\n\n<\/div><\/div>\n\n<div class=\"gb-grid-column gb-grid-column-bc586a3e\"><div class=\"gb-container gb-container-bc586a3e\">\n\n<h4 class=\"gb-headline gb-headline-eb0ea93e gb-headline-text\">Happie Camp<\/h4>\n\n<\/div><\/div>\n\n<div class=\"gb-grid-column gb-grid-column-cadd4a7d\"><div class=\"gb-container gb-container-cadd4a7d\">\n\n<h4 class=\"gb-headline gb-headline-f517e4f2 gb-headline-text\">Octean<\/h4>\n\n<\/div><\/div>\n\n<div class=\"gb-grid-column gb-grid-column-4146f2bd\"><div class=\"gb-container gb-container-4146f2bd\">\n\n<h4 class=\"gb-headline gb-headline-0cc950d5 gb-headline-text\">Medkomp<\/h4>\n\n<\/div><\/div>\n\n<div class=\"gb-grid-column gb-grid-column-2e44a77b\"><div class=\"gb-container gb-container-2e44a77b\">\n\n<h4 class=\"gb-headline gb-headline-db924658 gb-headline-text\">Naudio<\/h4>\n\n<\/div><\/div>\n\n<div class=\"gb-grid-column gb-grid-column-67e194fc\"><div class=\"gb-container gb-container-67e194fc\">\n\n<h4 class=\"gb-headline gb-headline-994dd8d4 gb-headline-text\">H\u00d8R<\/h4>\n\n<\/div><\/div>\n\n<div class=\"gb-grid-column gb-grid-column-826481c5\"><div class=\"gb-container gb-container-826481c5\">\n\n<h4 class=\"gb-headline gb-headline-5fb7e9ea gb-headline-text\">Frilans Finans<\/h4>\n\n<\/div><\/div>\n\n<div class=\"gb-grid-column gb-grid-column-7e8a949a\"><div class=\"gb-container gb-container-7e8a949a\">\n\n<h4 class=\"gb-headline gb-headline-2257c537 gb-headline-text\">Plantredo<\/h4>\n\n<\/div><\/div>\n\n<div class=\"gb-grid-column gb-grid-column-52ac7800\"><div class=\"gb-container gb-container-52ac7800\">\n\n<h4 class=\"gb-headline gb-headline-f43cd925 gb-headline-text\">Lernberger Stafsing <\/h4>\n\n<\/div><\/div>\n\n<div class=\"gb-grid-column gb-grid-column-80f191ba\"><div class=\"gb-container gb-container-80f191ba\">\n\n<h4 class=\"gb-headline gb-headline-4d68fbc7 gb-headline-text\">Champagne Club<\/h4>\n\n<\/div><\/div>\n\n<div class=\"gb-grid-column gb-grid-column-dbe4328c\"><div class=\"gb-container gb-container-dbe4328c\">\n\n<h4 class=\"gb-headline gb-headline-e7385630 gb-headline-text\">Naprapatlandslaget<\/h4>\n\n<\/div><\/div>\n<\/div>\n<\/div>\n<\/div>\n<\/div>\n<\/div>","protected":false},"excerpt":{"rendered":"<p>We are a performance marketing bureau based in Gothenburg and Kristianstad. With a strong belief in strategically founded and highly tailored and crafted systems, we strive to create solutions that generate true results for every client. 8 YEARS OF CHANGINGTHE LANDSCAPE &#8216;Tailored First&#8217; Performance Marketing HALL OF FAME<\/p>","protected":false},"author":1,"featured_media":0,"parent":0,"menu_order":0,"comment_status":"closed","ping_status":"closed","template":"","meta":{"footnotes":""},"class_list":["post-418","page","type-page","status-publish"],"yoast_head":"<!-- This site is optimized with the Yoast SEO plugin v25.8 - https:\/\/yoast.com\/wordpress\/plugins\/seo\/ -->\n<title>Startsida - Trendify 2.0<\/title>\n<meta name=\"robots\" content=\"index, follow, max-snippet:-1, max-image-preview:large, max-video-preview:-1\" \/>\n<link rel=\"canonical\" href=\"https:\/\/trendify.se\/de\/take-2-start\/\" \/>\n<meta property=\"og:locale\" content=\"de_DE\" \/>\n<meta property=\"og:type\" content=\"article\" \/>\n<meta property=\"og:title\" content=\"Startsida - Trendify 2.0\" \/>\n<meta property=\"og:description\" content=\"We are a performance marketing bureau based in Gothenburg and Kristianstad. With a strong belief in strategically founded and highly tailored and crafted systems, we strive to create solutions that generate true results for every client. 8 YEARS OF CHANGINGTHE LANDSCAPE &#8216;Tailored First&#8217; Performance Marketing HALL OF FAME\" \/>\n<meta property=\"og:url\" content=\"https:\/\/trendify.se\/de\/take-2-start\/\" \/>\n<meta property=\"og:site_name\" content=\"Trendify 2.0\" \/>\n<meta property=\"article:modified_time\" content=\"2024-04-03T20:36:43+00:00\" \/>\n<meta name=\"twitter:card\" content=\"summary_large_image\" \/>\n<meta name=\"twitter:label1\" content=\"Gesch\u00e4tzte Lesezeit\" \/>\n\t<meta name=\"twitter:data1\" content=\"1\u00a0Minute\" \/>\n<script type=\"application\/ld+json\" class=\"yoast-schema-graph\">{\"@context\":\"https:\/\/schema.org\",\"@graph\":[{\"@type\":\"WebPage\",\"@id\":\"https:\/\/trendify.se\/take-2-start\/\",\"url\":\"https:\/\/trendify.se\/take-2-start\/\",\"name\":\"Startsida - Trendify 2.0\",\"isPartOf\":{\"@id\":\"https:\/\/trendify.se\/#website\"},\"datePublished\":\"2024-03-07T14:58:30+00:00\",\"dateModified\":\"2024-04-03T20:36:43+00:00\",\"breadcrumb\":{\"@id\":\"https:\/\/trendify.se\/take-2-start\/#breadcrumb\"},\"inLanguage\":\"de\",\"potentialAction\":[{\"@type\":\"ReadAction\",\"target\":[\"https:\/\/trendify.se\/take-2-start\/\"]}]},{\"@type\":\"BreadcrumbList\",\"@id\":\"https:\/\/trendify.se\/take-2-start\/#breadcrumb\",\"itemListElement\":[{\"@type\":\"ListItem\",\"position\":1,\"name\":\"Home\",\"item\":\"https:\/\/trendify.se\/\"},{\"@type\":\"ListItem\",\"position\":2,\"name\":\"Startsida\"}]},{\"@type\":\"WebSite\",\"@id\":\"https:\/\/trendify.se\/#website\",\"url\":\"https:\/\/trendify.se\/\",\"name\":\"Trendify 2.0\",\"description\":\"Branded version\",\"publisher\":{\"@id\":\"https:\/\/trendify.se\/#organization\"},\"potentialAction\":[{\"@type\":\"SearchAction\",\"target\":{\"@type\":\"EntryPoint\",\"urlTemplate\":\"https:\/\/trendify.se\/?s={search_term_string}\"},\"query-input\":{\"@type\":\"PropertyValueSpecification\",\"valueRequired\":true,\"valueName\":\"search_term_string\"}}],\"inLanguage\":\"de\"},{\"@type\":\"Organization\",\"@id\":\"https:\/\/trendify.se\/#organization\",\"name\":\"Trendify 2.0\",\"url\":\"https:\/\/trendify.se\/\",\"logo\":{\"@type\":\"ImageObject\",\"inLanguage\":\"de\",\"@id\":\"https:\/\/trendify.se\/#\/schema\/logo\/image\/\",\"url\":\"https:\/\/trendify.se\/wp-content\/uploads\/2023\/12\/Trendify-green.png\",\"contentUrl\":\"https:\/\/trendify.se\/wp-content\/uploads\/2023\/12\/Trendify-green.png\",\"width\":5079,\"height\":1251,\"caption\":\"Trendify 2.0\"},\"image\":{\"@id\":\"https:\/\/trendify.se\/#\/schema\/logo\/image\/\"}}]}<\/script>\n<!-- \/ Yoast SEO plugin. -->","yoast_head_json":{"title":"Startsida - Trendify 2.0","robots":{"index":"index","follow":"follow","max-snippet":"max-snippet:-1","max-image-preview":"max-image-preview:large","max-video-preview":"max-video-preview:-1"},"canonical":"https:\/\/trendify.se\/de\/take-2-start\/","og_locale":"de_DE","og_type":"article","og_title":"Startsida - Trendify 2.0","og_description":"We are a performance marketing bureau based in Gothenburg and Kristianstad. With a strong belief in strategically founded and highly tailored and crafted systems, we strive to create solutions that generate true results for every client. 8 YEARS OF CHANGINGTHE LANDSCAPE &#8216;Tailored First&#8217; Performance Marketing HALL OF FAME","og_url":"https:\/\/trendify.se\/de\/take-2-start\/","og_site_name":"Trendify 2.0","article_modified_time":"2024-04-03T20:36:43+00:00","twitter_card":"summary_large_image","twitter_misc":{"Gesch\u00e4tzte Lesezeit":"1\u00a0Minute"},"schema":{"@context":"https:\/\/schema.org","@graph":[{"@type":"WebPage","@id":"https:\/\/trendify.se\/take-2-start\/","url":"https:\/\/trendify.se\/take-2-start\/","name":"Startsida - Trendify 2.0","isPartOf":{"@id":"https:\/\/trendify.se\/#website"},"datePublished":"2024-03-07T14:58:30+00:00","dateModified":"2024-04-03T20:36:43+00:00","breadcrumb":{"@id":"https:\/\/trendify.se\/take-2-start\/#breadcrumb"},"inLanguage":"de","potentialAction":[{"@type":"ReadAction","target":["https:\/\/trendify.se\/take-2-start\/"]}]},{"@type":"BreadcrumbList","@id":"https:\/\/trendify.se\/take-2-start\/#breadcrumb","itemListElement":[{"@type":"ListItem","position":1,"name":"Home","item":"https:\/\/trendify.se\/"},{"@type":"ListItem","position":2,"name":"Startsida"}]},{"@type":"WebSite","@id":"https:\/\/trendify.se\/#website","url":"https:\/\/trendify.se\/","name":"Trendify 2.0","description":"Branded version","publisher":{"@id":"https:\/\/trendify.se\/#organization"},"potentialAction":[{"@type":"SearchAction","target":{"@type":"EntryPoint","urlTemplate":"https:\/\/trendify.se\/?s={search_term_string}"},"query-input":{"@type":"PropertyValueSpecification","valueRequired":true,"valueName":"search_term_string"}}],"inLanguage":"de"},{"@type":"Organization","@id":"https:\/\/trendify.se\/#organization","name":"Trendify 2.0","url":"https:\/\/trendify.se\/","logo":{"@type":"ImageObject","inLanguage":"de","@id":"https:\/\/trendify.se\/#\/schema\/logo\/image\/","url":"https:\/\/trendify.se\/wp-content\/uploads\/2023\/12\/Trendify-green.png","contentUrl":"https:\/\/trendify.se\/wp-content\/uploads\/2023\/12\/Trendify-green.png","width":5079,"height":1251,"caption":"Trendify 2.0"},"image":{"@id":"https:\/\/trendify.se\/#\/schema\/logo\/image\/"}}]}},"_links":{"self":[{"href":"https:\/\/trendify.se\/de\/wp-json\/wp\/v2\/pages\/418","targetHints":{"allow":["GET"]}}],"collection":[{"href":"https:\/\/trendify.se\/de\/wp-json\/wp\/v2\/pages"}],"about":[{"href":"https:\/\/trendify.se\/de\/wp-json\/wp\/v2\/types\/page"}],"author":[{"embeddable":true,"href":"https:\/\/trendify.se\/de\/wp-json\/wp\/v2\/users\/1"}],"replies":[{"embeddable":true,"href":"https:\/\/trendify.se\/de\/wp-json\/wp\/v2\/comments?post=418"}],"version-history":[{"count":274,"href":"https:\/\/trendify.se\/de\/wp-json\/wp\/v2\/pages\/418\/revisions"}],"predecessor-version":[{"id":1628,"href":"https:\/\/trendify.se\/de\/wp-json\/wp\/v2\/pages\/418\/revisions\/1628"}],"wp:attachment":[{"href":"https:\/\/trendify.se\/de\/wp-json\/wp\/v2\/media?parent=418"}],"curies":[{"name":"wp","href":"https:\/\/api.w.org\/{rel}","templated":true}]}}