{"id":1631,"date":"2024-06-05T20:07:59","date_gmt":"2024-06-05T20:07:59","guid":{"rendered":"https:\/\/trendify.se\/?page_id=1631"},"modified":"2025-08-26T13:37:40","modified_gmt":"2025-08-26T13:37:40","slug":"startsida-2","status":"publish","type":"page","link":"https:\/\/trendify.se\/de\/","title":{"rendered":"Startsida #2"},"content":{"rendered":"<div class=\"gb-container gb-container-849630de\">\n<div class=\"gb-container gb-container-6be74d5b alignfull\">\n<div class=\"gb-container gb-container-d565b80c\">\n\n<h2 class=\"gb-headline gb-headline-a4326a47 gb-headline-text\">Ma\u00dfgeschneidertes Performance-Marketing im Fokus<\/h2>\n\n<\/div>\n<\/div>\n<\/div>\n\n<div class=\"gb-container gb-container-c67a44a3 alignfull\">\n<div class=\"gb-container gb-container-cf5e8139\">\n\n<h4 class=\"gb-headline gb-headline-fcc3a7d2 gb-headline-text\">8 Jahre, die den Markt ver\u00e4ndert haben<\/h4>\n\n\n<div class=\"gb-grid-wrapper gb-grid-wrapper-d90f0492\">\n<div class=\"gb-grid-column gb-grid-column-50082f78\"><div class=\"gb-container gb-container-50082f78\">\n\n<p class=\"gb-headline gb-headline-74aae621 gb-headline-text\">Wir sind ein Performance-Marketing-B\u00fcro mit Sitz in G\u00f6teborg und Kristianstad. Mit einem starken Glauben an strategisch fundierte und ma\u00dfgeschneiderte Systeme streben wir danach, L\u00f6sungen zu schaffen, die f\u00fcr jeden Kunden echte Ergebnisse liefern. <br><br>Indem wir gro\u00dfartige Talente mit hohen Ambitionen zusammenbringen und Kampagnen so gestalten, dass Qualit\u00e4t niemals geopfert wird, entwickeln wir ma\u00dfgeschneiderte Marketingma\u00dfnahmen, die f\u00fcr jeden Kunden echte Ergebnisse erzielen. <\/p>\n\n\n\n<h5 class=\"gb-headline gb-headline-34bfe736\"><span class=\"gb-icon\"><svg id=\"\u0421\u043b\u043e\u0439_1\" version=\"1.1\" viewbox=\"0 0 32 32\" xml:space=\"preserve\" xmlns=\"http:\/\/www.w3.org\/2000\/svg\" xmlns:xlink=\"http:\/\/www.w3.org\/1999\/xlink\"><path clip-rule=\"evenodd\" d=\"M32,16.009c0-0.267-0.11-0.522-0.293-0.714  l-9.899-9.999c-0.391-0.395-1.024-0.394-1.414,0c-0.391,0.394-0.391,1.034,0,1.428l8.193,8.275H1c-0.552,0-1,0.452-1,1.01  s0.448,1.01,1,1.01h27.586l-8.192,8.275c-0.391,0.394-0.39,1.034,0,1.428c0.391,0.394,1.024,0.394,1.414,0l9.899-9.999  C31.894,16.534,31.997,16.274,32,16.009z\" fill=\"#12131\" fill-rule=\"evenodd\" id=\"Arrow_Forward\"><\/path><g><\/g><g><\/g><g><\/g><g><\/g><g><\/g><g><\/g><\/svg><\/span><span class=\"gb-headline-text\"><a href=\"https:\/\/trendify.se\/de\/services\/\" data-type=\"page\" data-id=\"896\">Leistungen<\/a><\/span><\/h5>\n\n\n\n<h5 class=\"gb-headline gb-headline-c93d53ba\"><span class=\"gb-icon\"><svg id=\"\u0421\u043b\u043e\u0439_1\" version=\"1.1\" viewbox=\"0 0 32 32\" xml:space=\"preserve\" xmlns=\"http:\/\/www.w3.org\/2000\/svg\" xmlns:xlink=\"http:\/\/www.w3.org\/1999\/xlink\"><path clip-rule=\"evenodd\" d=\"M32,16.009c0-0.267-0.11-0.522-0.293-0.714  l-9.899-9.999c-0.391-0.395-1.024-0.394-1.414,0c-0.391,0.394-0.391,1.034,0,1.428l8.193,8.275H1c-0.552,0-1,0.452-1,1.01  s0.448,1.01,1,1.01h27.586l-8.192,8.275c-0.391,0.394-0.39,1.034,0,1.428c0.391,0.394,1.024,0.394,1.414,0l9.899-9.999  C31.894,16.534,31.997,16.274,32,16.009z\" fill=\"#FFFFFF\" fill-rule=\"evenodd\" id=\"Arrow_Forward\"><\/path><g><\/g><g><\/g><g><\/g><g><\/g><g><\/g><g><\/g><\/svg><\/span><span class=\"gb-headline-text\"><a href=\"https:\/\/trendify.se\/de\/our-approach\/\" data-type=\"page\" data-id=\"1017\">Ansatz<\/a><\/span><\/h5>\n\n\n\n<h5 class=\"gb-headline gb-headline-dd23111d\"><span class=\"gb-icon\"><svg id=\"\u0421\u043b\u043e\u0439_1\" version=\"1.1\" viewbox=\"0 0 32 32\" xml:space=\"preserve\" xmlns=\"http:\/\/www.w3.org\/2000\/svg\" xmlns:xlink=\"http:\/\/www.w3.org\/1999\/xlink\"><path clip-rule=\"evenodd\" d=\"M32,16.009c0-0.267-0.11-0.522-0.293-0.714  l-9.899-9.999c-0.391-0.395-1.024-0.394-1.414,0c-0.391,0.394-0.391,1.034,0,1.428l8.193,8.275H1c-0.552,0-1,0.452-1,1.01  s0.448,1.01,1,1.01h27.586l-8.192,8.275c-0.391,0.394-0.39,1.034,0,1.428c0.391,0.394,1.024,0.394,1.414,0l9.899-9.999  C31.894,16.534,31.997,16.274,32,16.009z\" fill=\"#FFFFFF\" fill-rule=\"evenodd\" id=\"Arrow_Forward\"><\/path><g><\/g><g><\/g><g><\/g><g><\/g><g><\/g><g><\/g><\/svg><\/span><span class=\"gb-headline-text\"><a href=\"https:\/\/trendify.se\/de\/case-work\/\" data-type=\"page\" data-id=\"1111\">Projekte<\/a><\/span><\/h5>\n\n\n\n<h5 class=\"gb-headline gb-headline-91c263c3\"><span class=\"gb-icon\"><svg id=\"\u0421\u043b\u043e\u0439_1\" version=\"1.1\" viewbox=\"0 0 32 32\" xml:space=\"preserve\" xmlns=\"http:\/\/www.w3.org\/2000\/svg\" xmlns:xlink=\"http:\/\/www.w3.org\/1999\/xlink\"><path clip-rule=\"evenodd\" d=\"M32,16.009c0-0.267-0.11-0.522-0.293-0.714  l-9.899-9.999c-0.391-0.395-1.024-0.394-1.414,0c-0.391,0.394-0.391,1.034,0,1.428l8.193,8.275H1c-0.552,0-1,0.452-1,1.01  s0.448,1.01,1,1.01h27.586l-8.192,8.275c-0.391,0.394-0.39,1.034,0,1.428c0.391,0.394,1.024,0.394,1.414,0l9.899-9.999  C31.894,16.534,31.997,16.274,32,16.009z\" fill=\"#FFFFFF\" fill-rule=\"evenodd\" id=\"Arrow_Forward\"><\/path><g><\/g><g><\/g><g><\/g><g><\/g><g><\/g><g><\/g><\/svg><\/span><span class=\"gb-headline-text\"><a href=\"https:\/\/trendify.se\/de\/our-story\/\" data-type=\"page\" data-id=\"658\">\u00dcber uns<\/a><\/span><\/h5>\n\n<\/div><\/div>\n\n<div class=\"gb-grid-column gb-grid-column-da380f03\"><div class=\"gb-container gb-container-da380f03\"><\/div><\/div>\n<\/div>\n<\/div>\n<\/div>\n\n<div class=\"gb-container gb-container-5c00f4f5 alignfull\">\n<div class=\"gb-container gb-container-c7326789\">\n<div class=\"gb-container gb-container-07da232f\">\n<div class=\"gb-container gb-container-fdd66f80\">\n<div class=\"gb-container gb-container-e2c3396b\">\n<div class=\"gb-container gb-container-27adecdf\">\n<style id=\"wp_carousel_dynamic_css1632\">#sp-wp-carousel-free-id-1632.sp-wpcp-1632 .wpcp-single-item {border: 1px none #dddddd;}#sp-wp-carousel-free-id-1632.nav-vertical-center {padding: 0;margin:0;}#sp-wp-carousel-free-id-1632 .wpcpro-row>[class*=\"wpcpro-col-\"] { padding: 0 17.5px; padding-bottom: 20px;}@media (min-width: 480px) { .wpcpro-row .wpcpro-col-sm-1 { flex: 0 0 100%; max-width: 100%; } .wpcpro-row .wpcpro-col-sm-2 { flex: 0 0 50%; max-width: 50%; } .wpcpro-row .wpcpro-col-sm-2-5 { flex: 0 0 75%; max-width: 75%; } .wpcpro-row .wpcpro-col-sm-3 { flex: 0 0 33.333%; max-width: 33.333%; } .wpcpro-row .wpcpro-col-sm-4 { flex: 0 0 25%; max-width: 25%; } .wpcpro-row .wpcpro-col-sm-5 { flex: 0 0 20%; max-width: 20%; } .wpcpro-row .wpcpro-col-sm-6 { flex: 0 0 16.66666666666667%; max-width: 16.66666666666667%; } .wpcpro-row .wpcpro-col-sm-7 { flex: 0 0 14.28571428%; max-width: 14.28571428%; } .wpcpro-row .wpcpro-col-sm-8 { flex: 0 0 12.5%; max-width: 12.5%; } } @media (max-width: 480px) { .wpcpro-row .wpcpro-col-xs-1 { flex: 0 0 100%; max-width: 100%; } .wpcpro-row .wpcpro-col-xs-2 { flex: 0 0 50%; max-width: 50%; } .wpcpro-row .wpcpro-col-xs-3 { flex: 0 0 33.222%; max-width: 33.222%; } .wpcpro-row .wpcpro-col-xs-4 { flex: 0 0 25%; max-width: 25%; } .wpcpro-row .wpcpro-col-xs-5 { flex: 0 0 20%; max-width: 20%; } .wpcpro-row .wpcpro-col-xs-6 { flex: 0 0 16.6667%; max-width: 16.6667%; } .wpcpro-row .wpcpro-col-xs-7 { flex: 0 0 14.28571428%; max-width: 14.28571428%; } .wpcpro-row .wpcpro-col-xs-8 { flex: 0 0 12.5%; max-width: 12.5%; } } @media (min-width: 736px) { .wpcpro-row .wpcpro-col-md-1 { flex: 0 0 100%; max-width: 100%; } .wpcpro-row .wpcpro-col-md-2 { flex: 0 0 50%; max-width: 50%; } .wpcpro-row .wpcpro-col-md-2-5 { flex: 0 0 75%; max-width: 75%; } .wpcpro-row .wpcpro-col-md-3 { flex: 0 0 33.333%; max-width: 33.333%; } .wpcpro-row .wpcpro-col-md-4 { flex: 0 0 25%; max-width: 25%; } .wpcpro-row .wpcpro-col-md-5 { flex: 0 0 20%; max-width: 20%; } .wpcpro-row .wpcpro-col-md-6 { flex: 0 0 16.66666666666667%; max-width: 16.66666666666667%; } .wpcpro-row .wpcpro-col-md-7 { flex: 0 0 14.28571428%; max-width: 14.28571428%; } .wpcpro-row .wpcpro-col-md-8 { flex: 0 0 12.5%; max-width: 12.5%; } } @media (min-width: 980px) { .wpcpro-row .wpcpro-col-lg-1 { flex: 0 0 100%; max-width: 100%; } .wpcpro-row .wpcpro-col-lg-2 { flex: 0 0 50%; max-width: 50%; } .wpcpro-row .wpcpro-col-lg-3 { flex: 0 0 33.222%; max-width: 33.222%; } .wpcpro-row .wpcpro-col-lg-4 { flex: 0 0 25%; max-width: 25%; } .wpcpro-row .wpcpro-col-lg-5 { flex: 0 0 20%; max-width: 20%; } .wpcpro-row .wpcpro-col-lg-6 { flex: 0 0 16.6667%; max-width: 16.6667%; } .wpcpro-row .wpcpro-col-lg-7 { flex: 0 0 14.28571428%; max-width: 14.28571428%; } .wpcpro-row .wpcpro-col-lg-8 { flex: 0 0 12.5%; max-width: 12.5%; } } @media (min-width: 1200px) { .wpcpro-row .wpcpro-col-xl-1 { flex: 0 0 100%; max-width: 100%; } .wpcpro-row .wpcpro-col-xl-2 { flex: 0 0 50%; max-width: 50%; } .wpcpro-row .wpcpro-col-xl-3 { flex: 0 0 33.22222222%; max-width: 33.22222222%; } .wpcpro-row .wpcpro-col-xl-4 { flex: 0 0 25%; max-width: 25%; } .wpcpro-row .wpcpro-col-xl-5 { flex: 0 0 20%; max-width: 20%; } .wpcpro-row .wpcpro-col-xl-6 { flex: 0 0 16.66667%; max-width: 16.66667%; } .wpcpro-row .wpcpro-col-xl-7 { flex: 0 0 14.28571428%; max-width: 14.28571428%; } .wpcpro-row .wpcpro-col-xl-8 { flex: 0 0 12.5%; max-width: 12.5%; } }<\/style><div class=\"wpcp-carousel-wrapper wpcp-wrapper-1632\">\n\t<div id=\"wpcp-preloader-1632\" class=\"wpcp-carousel-preloader\"><img decoding=\"async\" src=\"https:\/\/trendify.se\/wp-content\/plugins\/wp-carousel-free\/public\/css\/spinner.svg\" alt=\"Preloader Image\" \/><\/div>\t<div class=\"wpcp-carousel-content-wrapper\">\n\t<div id=\"sp-wp-carousel-free-id-1632\" class=\"wpcp-carousel-section sp-wpcp-1632  nav-vertical-center wpcp-image-carousel wpcp-preloader wpcp-standard\" data-swiper='{ &quot;accessibility&quot;:true, &quot;spaceBetween&quot;:35, &quot;arrows&quot;:false, &quot;freeMode&quot;: false, &quot;autoplay&quot;:true, &quot;autoplaySpeed&quot;:3300, &quot;dots&quot;:false, &quot;infinite&quot;:true, &quot;speed&quot;:850, &quot;pauseOnHover&quot;:true,\t\t\t&quot;slidesToShow&quot;:{&quot;lg_desktop&quot;:5, &quot;desktop&quot;: 4, &quot;laptop&quot;: 4, &quot;tablet&quot;: 3, &quot;mobile&quot;: 3}, &quot;responsive&quot;:{&quot;desktop&quot;:1200, &quot;laptop&quot;: 980, &quot;tablet&quot;: 736, &quot;mobile&quot;: 480}, &quot;rtl&quot;:false, &quot;lazyLoad&quot;: &quot;false&quot;, &quot;swipe&quot;: true, &quot;draggable&quot;: true, &quot;swipeToSlide&quot;:false }' dir=\"ltr\">\n\t\t<div class=\"swiper-wrapper\">\n\t\t<div class=\"swiper-slide\">\n\t<div class=\"wpcp-single-item\">\n\t\t\t<div class=\"wpcp-slide-image\">\n\t\t<img loading=\"lazy\" decoding=\"async\" class=\"skip-lazy\" src=\"https:\/\/trendify.se\/wp-content\/uploads\/2024\/01\/logga_vitt-1-300x90.png\" alt=\"logga_vitt-1\" width=\"300\" height=\"90\">\t<\/div>\n\t\t<\/div>\n<\/div>\n\t<div class=\"swiper-slide\">\n\t<div class=\"wpcp-single-item\">\n\t\t\t<div class=\"wpcp-slide-image\">\n\t\t<img loading=\"lazy\" decoding=\"async\" class=\"skip-lazy\" src=\"https:\/\/trendify.se\/wp-content\/uploads\/2024\/01\/KIVRA-ny-vit_2-1-300x109.png\" alt=\"KIVRA-ny-vit_2-1\" width=\"300\" height=\"109\">\t<\/div>\n\t\t<\/div>\n<\/div>\n\t<div class=\"swiper-slide\">\n\t<div class=\"wpcp-single-item\">\n\t\t\t<div class=\"wpcp-slide-image\">\n\t\t<img loading=\"lazy\" decoding=\"async\" class=\"skip-lazy\" src=\"https:\/\/trendify.se\/wp-content\/uploads\/2024\/06\/vit-logotyp-horisont_6660daf8044eb-300x132.png\" alt=\"vit-logotyp-horisont_6660daf8044eb\" width=\"300\" height=\"132\">\t<\/div>\n\t\t<\/div>\n<\/div>\n\t<div class=\"swiper-slide\">\n\t<div class=\"wpcp-single-item\">\n\t\t\t<div class=\"wpcp-slide-image\">\n\t\t<img loading=\"lazy\" decoding=\"async\" class=\"skip-lazy\" src=\"https:\/\/trendify.se\/wp-content\/uploads\/2024\/10\/karlbrau-300x75.png\" alt=\"karlbrau\" width=\"300\" height=\"75\">\t<\/div>\n\t\t<\/div>\n<\/div>\n\t<div class=\"swiper-slide\">\n\t<div class=\"wpcp-single-item\">\n\t\t\t<div class=\"wpcp-slide-image\">\n\t\t<img loading=\"lazy\" decoding=\"async\" class=\"skip-lazy\" src=\"https:\/\/trendify.se\/wp-content\/uploads\/2024\/10\/decatak-vit-logo-300x75.png\" alt=\"decatak vit logo\" width=\"300\" height=\"75\">\t<\/div>\n\t\t<\/div>\n<\/div>\n\t\t\t<\/div>\n\t\t\t\t<!-- If we need navigation buttons -->\n\t\t\t<\/div>\n\t<\/div>\n<\/div>\n\n\n<\/div>\n\n<div class=\"gb-container gb-container-8114f7af\"><\/div>\n<\/div>\n<\/div>\n<\/div>\n<\/div>\n<\/div>","protected":false},"excerpt":{"rendered":"<p>TAILORED FIRST PERFORMANCE MARKETING 8 years of changing the landscape<\/p>","protected":false},"author":1,"featured_media":0,"parent":0,"menu_order":0,"comment_status":"closed","ping_status":"closed","template":"","meta":{"footnotes":""},"class_list":["post-1631","page","type-page","status-publish"],"yoast_head":"<!-- This site is optimized with the Yoast SEO plugin v25.8 - https:\/\/yoast.com\/wordpress\/plugins\/seo\/ -->\n<title>Trendify - Performance Marketing Since 2018<\/title>\n<meta name=\"description\" content=\"We are a performance marketing bureau based in Gothenburg and Kristianstad. With a strong belief in strategically founded and highly tailored and crafted systems, we strive to create solutions that generate true results for every client.\" \/>\n<meta name=\"robots\" content=\"index, follow, max-snippet:-1, max-image-preview:large, max-video-preview:-1\" \/>\n<link rel=\"canonical\" href=\"https:\/\/trendify.se\/de\/\" \/>\n<meta property=\"og:locale\" content=\"de_DE\" \/>\n<meta property=\"og:type\" content=\"article\" \/>\n<meta property=\"og:title\" content=\"Trendify - Performance Marketing Since 2018\" \/>\n<meta property=\"og:description\" content=\"We are a performance marketing bureau based in Gothenburg and Kristianstad. With a strong belief in strategically founded and highly tailored and crafted systems, we strive to create solutions that generate true results for every client.\" \/>\n<meta property=\"og:url\" content=\"https:\/\/trendify.se\/de\/\" \/>\n<meta property=\"og:site_name\" content=\"Trendify 2.0\" \/>\n<meta property=\"article:modified_time\" content=\"2025-08-26T13:37:40+00:00\" \/>\n<meta name=\"twitter:card\" content=\"summary_large_image\" \/>\n<meta name=\"twitter:label1\" content=\"Gesch\u00e4tzte Lesezeit\" \/>\n\t<meta name=\"twitter:data1\" content=\"1\u00a0Minute\" \/>\n<script type=\"application\/ld+json\" class=\"yoast-schema-graph\">{\"@context\":\"https:\/\/schema.org\",\"@graph\":[{\"@type\":\"WebPage\",\"@id\":\"https:\/\/trendify.se\/\",\"url\":\"https:\/\/trendify.se\/\",\"name\":\"Trendify - Performance Marketing Since 2018\",\"isPartOf\":{\"@id\":\"https:\/\/trendify.se\/#website\"},\"datePublished\":\"2024-06-05T20:07:59+00:00\",\"dateModified\":\"2025-08-26T13:37:40+00:00\",\"description\":\"We are a performance marketing bureau based in Gothenburg and Kristianstad. With a strong belief in strategically founded and highly tailored and crafted systems, we strive to create solutions that generate true results for every client.\",\"breadcrumb\":{\"@id\":\"https:\/\/trendify.se\/#breadcrumb\"},\"inLanguage\":\"de\",\"potentialAction\":[{\"@type\":\"ReadAction\",\"target\":[\"https:\/\/trendify.se\/\"]}]},{\"@type\":\"BreadcrumbList\",\"@id\":\"https:\/\/trendify.se\/#breadcrumb\",\"itemListElement\":[{\"@type\":\"ListItem\",\"position\":1,\"name\":\"Home\",\"item\":\"https:\/\/trendify.se\/\"},{\"@type\":\"ListItem\",\"position\":2,\"name\":\"Startsida #2\"}]},{\"@type\":\"WebSite\",\"@id\":\"https:\/\/trendify.se\/#website\",\"url\":\"https:\/\/trendify.se\/\",\"name\":\"Trendify 2.0\",\"description\":\"Branded version\",\"publisher\":{\"@id\":\"https:\/\/trendify.se\/#organization\"},\"potentialAction\":[{\"@type\":\"SearchAction\",\"target\":{\"@type\":\"EntryPoint\",\"urlTemplate\":\"https:\/\/trendify.se\/?s={search_term_string}\"},\"query-input\":{\"@type\":\"PropertyValueSpecification\",\"valueRequired\":true,\"valueName\":\"search_term_string\"}}],\"inLanguage\":\"de\"},{\"@type\":\"Organization\",\"@id\":\"https:\/\/trendify.se\/#organization\",\"name\":\"Trendify 2.0\",\"url\":\"https:\/\/trendify.se\/\",\"logo\":{\"@type\":\"ImageObject\",\"inLanguage\":\"de\",\"@id\":\"https:\/\/trendify.se\/#\/schema\/logo\/image\/\",\"url\":\"https:\/\/trendify.se\/wp-content\/uploads\/2023\/12\/Trendify-green.png\",\"contentUrl\":\"https:\/\/trendify.se\/wp-content\/uploads\/2023\/12\/Trendify-green.png\",\"width\":5079,\"height\":1251,\"caption\":\"Trendify 2.0\"},\"image\":{\"@id\":\"https:\/\/trendify.se\/#\/schema\/logo\/image\/\"}}]}<\/script>\n<!-- \/ Yoast SEO plugin. -->","yoast_head_json":{"title":"Trendify - Performance Marketing Since 2018","description":"We are a performance marketing bureau based in Gothenburg and Kristianstad. With a strong belief in strategically founded and highly tailored and crafted systems, we strive to create solutions that generate true results for every client.","robots":{"index":"index","follow":"follow","max-snippet":"max-snippet:-1","max-image-preview":"max-image-preview:large","max-video-preview":"max-video-preview:-1"},"canonical":"https:\/\/trendify.se\/de\/","og_locale":"de_DE","og_type":"article","og_title":"Trendify - Performance Marketing Since 2018","og_description":"We are a performance marketing bureau based in Gothenburg and Kristianstad. With a strong belief in strategically founded and highly tailored and crafted systems, we strive to create solutions that generate true results for every client.","og_url":"https:\/\/trendify.se\/de\/","og_site_name":"Trendify 2.0","article_modified_time":"2025-08-26T13:37:40+00:00","twitter_card":"summary_large_image","twitter_misc":{"Gesch\u00e4tzte Lesezeit":"1\u00a0Minute"},"schema":{"@context":"https:\/\/schema.org","@graph":[{"@type":"WebPage","@id":"https:\/\/trendify.se\/","url":"https:\/\/trendify.se\/","name":"Trendify - Performance Marketing Since 2018","isPartOf":{"@id":"https:\/\/trendify.se\/#website"},"datePublished":"2024-06-05T20:07:59+00:00","dateModified":"2025-08-26T13:37:40+00:00","description":"We are a performance marketing bureau based in Gothenburg and Kristianstad. With a strong belief in strategically founded and highly tailored and crafted systems, we strive to create solutions that generate true results for every client.","breadcrumb":{"@id":"https:\/\/trendify.se\/#breadcrumb"},"inLanguage":"de","potentialAction":[{"@type":"ReadAction","target":["https:\/\/trendify.se\/"]}]},{"@type":"BreadcrumbList","@id":"https:\/\/trendify.se\/#breadcrumb","itemListElement":[{"@type":"ListItem","position":1,"name":"Home","item":"https:\/\/trendify.se\/"},{"@type":"ListItem","position":2,"name":"Startsida #2"}]},{"@type":"WebSite","@id":"https:\/\/trendify.se\/#website","url":"https:\/\/trendify.se\/","name":"Trendify 2.0","description":"Branded version","publisher":{"@id":"https:\/\/trendify.se\/#organization"},"potentialAction":[{"@type":"SearchAction","target":{"@type":"EntryPoint","urlTemplate":"https:\/\/trendify.se\/?s={search_term_string}"},"query-input":{"@type":"PropertyValueSpecification","valueRequired":true,"valueName":"search_term_string"}}],"inLanguage":"de"},{"@type":"Organization","@id":"https:\/\/trendify.se\/#organization","name":"Trendify 2.0","url":"https:\/\/trendify.se\/","logo":{"@type":"ImageObject","inLanguage":"de","@id":"https:\/\/trendify.se\/#\/schema\/logo\/image\/","url":"https:\/\/trendify.se\/wp-content\/uploads\/2023\/12\/Trendify-green.png","contentUrl":"https:\/\/trendify.se\/wp-content\/uploads\/2023\/12\/Trendify-green.png","width":5079,"height":1251,"caption":"Trendify 2.0"},"image":{"@id":"https:\/\/trendify.se\/#\/schema\/logo\/image\/"}}]}},"_links":{"self":[{"href":"https:\/\/trendify.se\/de\/wp-json\/wp\/v2\/pages\/1631","targetHints":{"allow":["GET"]}}],"collection":[{"href":"https:\/\/trendify.se\/de\/wp-json\/wp\/v2\/pages"}],"about":[{"href":"https:\/\/trendify.se\/de\/wp-json\/wp\/v2\/types\/page"}],"author":[{"embeddable":true,"href":"https:\/\/trendify.se\/de\/wp-json\/wp\/v2\/users\/1"}],"replies":[{"embeddable":true,"href":"https:\/\/trendify.se\/de\/wp-json\/wp\/v2\/comments?post=1631"}],"version-history":[{"count":105,"href":"https:\/\/trendify.se\/de\/wp-json\/wp\/v2\/pages\/1631\/revisions"}],"predecessor-version":[{"id":1869,"href":"https:\/\/trendify.se\/de\/wp-json\/wp\/v2\/pages\/1631\/revisions\/1869"}],"wp:attachment":[{"href":"https:\/\/trendify.se\/de\/wp-json\/wp\/v2\/media?parent=1631"}],"curies":[{"name":"wp","href":"https:\/\/api.w.org\/{rel}","templated":true}]}}