{"id":1171,"date":"2024-03-11T10:06:33","date_gmt":"2024-03-11T10:06:33","guid":{"rendered":"https:\/\/trendify.se\/?page_id=1171"},"modified":"2025-08-15T10:58:49","modified_gmt":"2025-08-15T10:58:49","slug":"contact-us","status":"publish","type":"page","link":"https:\/\/trendify.se\/de\/contact-us\/","title":{"rendered":"Kontakt"},"content":{"rendered":"<div class=\"gb-container gb-container-8b5622ba alignfull\">\n<div class=\"gb-container gb-container-3cdb2749\">\n\n<h1 class=\"gb-headline gb-headline-4d752049 gb-headline-text\">Lassen Sie uns reden <\/h1>\n\n\n\n<h3 class=\"gb-headline gb-headline-12ce6328 gb-headline-text\">Kontaktieren Sie uns, um Gesch\u00e4ftsm\u00f6glichkeiten zu besprechen, oder einfach nur, um Hallo zu sagen und ein Gef\u00fchl daf\u00fcr zu bekommen, wer wir sind. <\/h3>\n\n\n\n<h6 class=\"gb-headline gb-headline-220b3dd7\"><span class=\"gb-icon\"><svg aria-hidden=\"true\" role=\"img\" height=\"1em\" width=\"1em\" viewbox=\"0 0 448 512\" xmlns=\"http:\/\/www.w3.org\/2000\/svg\"><path fill=\"currentColor\" d=\"M380.9 97.1C339 55.1 283.2 32 223.9 32c-122.4 0-222 99.6-222 222 0 39.1 10.2 77.3 29.6 111L0 480l117.7-30.9c32.4 17.7 68.9 27 106.1 27h.1c122.3 0 224.1-99.6 224.1-222 0-59.3-25.2-115-67.1-157zm-157 341.6c-33.2 0-65.7-8.9-94-25.7l-6.7-4-69.8 18.3L72 359.2l-4.4-7c-18.5-29.4-28.2-63.3-28.2-98.2 0-101.7 82.8-184.5 184.6-184.5 49.3 0 95.6 19.2 130.4 54.1 34.8 34.9 56.2 81.2 56.1 130.5 0 101.8-84.9 184.6-186.6 184.6zm101.2-138.2c-5.5-2.8-32.8-16.2-37.9-18-5.1-1.9-8.8-2.8-12.5 2.8-3.7 5.6-14.3 18-17.6 21.8-3.2 3.7-6.5 4.2-12 1.4-32.6-16.3-54-29.1-75.5-66-5.7-9.8 5.7-9.1 16.3-30.3 1.8-3.7.9-6.9-.5-9.7-1.4-2.8-12.5-30.1-17.1-41.2-4.5-10.8-9.1-9.3-12.5-9.5-3.2-.2-6.9-.2-10.6-.2-3.7 0-9.7 1.4-14.8 6.9-5.1 5.6-19.4 19-19.4 46.3 0 27.3 19.9 53.7 22.6 57.4 2.8 3.7 39.1 59.7 94.8 83.8 35.2 15.2 49 16.5 66.6 13.9 10.7-1.6 32.8-13.4 37.4-26.4 4.6-13 4.6-24.1 3.2-26.4-1.3-2.5-5-3.9-10.5-6.6z\"><\/path><\/svg><\/span><span class=\"gb-headline-text\">Anrufen: +46709691817<\/span><\/h6>\n\n\n\n<p><\/p>\n\n\n\n<h6 class=\"gb-headline gb-headline-1a9dab66\"><span class=\"gb-icon\"><svg aria-hidden=\"true\" role=\"img\" height=\"1em\" width=\"1em\" viewbox=\"0 0 512 512\" xmlns=\"http:\/\/www.w3.org\/2000\/svg\"><path fill=\"currentColor\" d=\"M464 64H48C21.49 64 0 85.49 0 112v288c0 26.51 21.49 48 48 48h416c26.51 0 48-21.49 48-48V112c0-26.51-21.49-48-48-48zm0 48v40.805c-22.422 18.259-58.168 46.651-134.587 106.49-16.841 13.247-50.201 45.072-73.413 44.701-23.208.375-56.579-31.459-73.413-44.701C106.18 199.465 70.425 171.067 48 152.805V112h416zM48 400V214.398c22.914 18.251 55.409 43.862 104.938 82.646 21.857 17.205 60.134 55.186 103.062 54.955 42.717.231 80.509-37.199 103.053-54.947 49.528-38.783 82.032-64.401 104.947-82.653V400H48z\"><\/path><\/svg><\/span><span class=\"gb-headline-text\">Schreiben: hello@trendify.se <\/span><\/h6>\n\n<\/div>\n<\/div>\n\n<div class=\"gb-container gb-container-0baf739c\">\n\n<h2 class=\"gb-headline gb-headline-322d24a1 gb-headline-text\">Ihre Fragen beantwortet<\/h2>\n\n<\/div>\n\n<div class=\"gb-container gb-container-bb636656\">\n<div class=\"gb-container gb-container-00a72bfa gb-accordion\">\n<div class=\"gb-container gb-container-8f0783a9 gb-accordion__item gb-accordion__item-open\" data-transition=\"slide\">\n\n<button class=\"gb-button gb-button-484438c2 gb-accordion__toggle gb-block-is-current\"><span class=\"gb-button-text\">Wer sind Ihre idealen Kunden?<\/span><span class=\"gb-icon\"><svg xmlns=\"http:\/\/www.w3.org\/2000\/svg\" viewbox=\"0 0 448 512\" width=\"1em\" height=\"1em\" ariahidden=\"true\" role=\"img\" class=\"gb-accordion__icon\"><path d=\"M207.029 381.476L12.686 187.132c-9.373-9.373-9.373-24.569 0-33.941l22.667-22.667c9.357-9.357 24.522-9.375 33.901-.04L224 284.505l154.745-154.021c9.379-9.335 24.544-9.317 33.901.04l22.667 22.667c9.373 9.373 9.373 24.569 0 33.941L240.971 381.476c-9.373 9.372-24.569 9.372-33.942 0z\" fill=\"currentColor\"><\/path><\/svg><svg xmlns=\"http:\/\/www.w3.org\/2000\/svg\" viewbox=\"0 0 448 512\" width=\"1em\" height=\"1em\" ariahidden=\"true\" role=\"img\" class=\"gb-accordion__icon-open\"><path d=\"M240.971 130.524l194.343 194.343c9.373 9.373 9.373 24.569 0 33.941l-22.667 22.667c-9.357 9.357-24.522 9.375-33.901.04L224 227.495 69.255 381.516c-9.379 9.335-24.544 9.317-33.901-.04l-22.667-22.667c-9.373-9.373-9.373-24.569 0-33.941L207.03 130.525c9.372-9.373 24.568-9.373 33.941-.001z\" fill=\"currentColor\"><\/path><\/svg><\/span><\/button>\n\n\n<div class=\"gb-accordion__content\"><div class=\"gb-container gb-container-cb414577\">\n\n<h6 class=\"gb-headline gb-headline-604704ea gb-headline-text\">Die meisten unserer Kooperationen erstrecken sich \u00fcber Skandinavien und Nordeuropa, wobei Schweden unser st\u00e4rkster Markt ist. Wir arbeiten mit allem, von Startups bis hin zu gro\u00dfen etablierten Unternehmen, solange Sie auf Traffic-Generierung, digitalen Verkauf und\/oder Strategien in diesen Bereichen abzielen. <\/h6>\n\n<\/div><\/div>\n<\/div>\n\n<div class=\"gb-container gb-container-8b19eddf gb-accordion__item\" data-transition=\"slide\">\n\n<button class=\"gb-button gb-button-c61b11e4 gb-accordion__toggle\"><span class=\"gb-button-text\">Welche Informationen ben\u00f6tigen Sie f\u00fcr eine Kostensch\u00e4tzung?<\/span><span class=\"gb-icon\"><svg xmlns=\"http:\/\/www.w3.org\/2000\/svg\" viewbox=\"0 0 448 512\" width=\"1em\" height=\"1em\" ariahidden=\"true\" role=\"img\" class=\"gb-accordion__icon\"><path d=\"M207.029 381.476L12.686 187.132c-9.373-9.373-9.373-24.569 0-33.941l22.667-22.667c9.357-9.357 24.522-9.375 33.901-.04L224 284.505l154.745-154.021c9.379-9.335 24.544-9.317 33.901.04l22.667 22.667c9.373 9.373 9.373 24.569 0 33.941L240.971 381.476c-9.373 9.372-24.569 9.372-33.942 0z\" fill=\"currentColor\"><\/path><\/svg><svg xmlns=\"http:\/\/www.w3.org\/2000\/svg\" viewbox=\"0 0 448 512\" width=\"1em\" height=\"1em\" ariahidden=\"true\" role=\"img\" class=\"gb-accordion__icon-open\"><path d=\"M240.971 130.524l194.343 194.343c9.373 9.373 9.373 24.569 0 33.941l-22.667 22.667c-9.357 9.357-24.522 9.375-33.901.04L224 227.495 69.255 381.516c-9.379 9.335-24.544 9.317-33.901-.04l-22.667-22.667c-9.373-9.373-9.373-24.569 0-33.941L207.03 130.525c9.372-9.373 24.568-9.373 33.941-.001z\" fill=\"currentColor\"><\/path><\/svg><\/span><\/button>\n\n\n<div class=\"gb-accordion__content\"><div class=\"gb-container gb-container-786cfa4a\">\n\n<h6 class=\"gb-headline gb-headline-43578cf9 gb-headline-text\">Es kommt darauf an:<br><br>1. Wissen Sie genau, was Sie in Bezug auf den Leistungsumfang m\u00f6chten? <br>2. M\u00fcssen wir den Service an ein bestimmtes Budget anpassen? In manchen F\u00e4llen w\u00e4re es optimal, mehr zu tun, aber das ist nicht immer machbar, und in solchen F\u00e4llen versuchen wir, eine passende L\u00f6sung zu finden. <br><br>Wenn Sie auf beide Fragen 1 und 2 Antworten haben, sollten wir Ihnen in den ersten kurzen Gespr\u00e4chen oder E-Mails eine Sch\u00e4tzung geben k\u00f6nnen. Falls nicht, ben\u00f6tigen wir normalerweise ein l\u00e4ngeres Gespr\u00e4ch, um verschiedene Optionen durchzugehen und eine genaue Sch\u00e4tzung zu erstellen. <\/h6>\n\n<\/div><\/div>\n<\/div>\n\n<div class=\"gb-container gb-container-ce7fa995 gb-accordion__item\" data-transition=\"slide\">\n\n<button class=\"gb-button gb-button-bf31efa7 gb-accordion__toggle\"><span class=\"gb-button-text\">Was sind Ihre Hauptkompetenzen?<\/span><span class=\"gb-icon\"><svg xmlns=\"http:\/\/www.w3.org\/2000\/svg\" viewbox=\"0 0 448 512\" width=\"1em\" height=\"1em\" ariahidden=\"true\" role=\"img\" class=\"gb-accordion__icon\"><path d=\"M207.029 381.476L12.686 187.132c-9.373-9.373-9.373-24.569 0-33.941l22.667-22.667c9.357-9.357 24.522-9.375 33.901-.04L224 284.505l154.745-154.021c9.379-9.335 24.544-9.317 33.901.04l22.667 22.667c9.373 9.373 9.373 24.569 0 33.941L240.971 381.476c-9.373 9.372-24.569 9.372-33.942 0z\" fill=\"currentColor\"><\/path><\/svg><svg xmlns=\"http:\/\/www.w3.org\/2000\/svg\" viewbox=\"0 0 448 512\" width=\"1em\" height=\"1em\" ariahidden=\"true\" role=\"img\" class=\"gb-accordion__icon-open\"><path d=\"M240.971 130.524l194.343 194.343c9.373 9.373 9.373 24.569 0 33.941l-22.667 22.667c-9.357 9.357-24.522 9.375-33.901.04L224 227.495 69.255 381.516c-9.379 9.335-24.544 9.317-33.901-.04l-22.667-22.667c-9.373-9.373-9.373-24.569 0-33.941L207.03 130.525c9.372-9.373 24.568-9.373 33.941-.001z\" fill=\"currentColor\"><\/path><\/svg><\/span><\/button>\n\n\n<div class=\"gb-accordion__content\"><div class=\"gb-container gb-container-565ebcb5\">\n\n<h6 class=\"gb-headline gb-headline-a52a4ab5 gb-headline-text\">Strategie und taktische Abl\u00e4ufe f\u00fcr digitalen Verkauf, mit SEO und bezahlten Anzeigen als unsere Traffic-Kan\u00e4le. <\/h6>\n\n<\/div><\/div>\n<\/div>\n\n<div class=\"gb-container gb-container-c806d822 gb-accordion__item\" data-transition=\"slide\">\n\n<button class=\"gb-button gb-button-9d05a001 gb-accordion__toggle\"><span class=\"gb-button-text\">Was macht Sie als Marketingagentur anders?<\/span><span class=\"gb-icon\"><svg xmlns=\"http:\/\/www.w3.org\/2000\/svg\" viewbox=\"0 0 448 512\" width=\"1em\" height=\"1em\" ariahidden=\"true\" role=\"img\" class=\"gb-accordion__icon\"><path d=\"M207.029 381.476L12.686 187.132c-9.373-9.373-9.373-24.569 0-33.941l22.667-22.667c9.357-9.357 24.522-9.375 33.901-.04L224 284.505l154.745-154.021c9.379-9.335 24.544-9.317 33.901.04l22.667 22.667c9.373 9.373 9.373 24.569 0 33.941L240.971 381.476c-9.373 9.372-24.569 9.372-33.942 0z\" fill=\"currentColor\"><\/path><\/svg><svg xmlns=\"http:\/\/www.w3.org\/2000\/svg\" viewbox=\"0 0 448 512\" width=\"1em\" height=\"1em\" ariahidden=\"true\" role=\"img\" class=\"gb-accordion__icon-open\"><path d=\"M240.971 130.524l194.343 194.343c9.373 9.373 9.373 24.569 0 33.941l-22.667 22.667c-9.357 9.357-24.522 9.375-33.901.04L224 227.495 69.255 381.516c-9.379 9.335-24.544 9.317-33.901-.04l-22.667-22.667c-9.373-9.373-9.373-24.569 0-33.941L207.03 130.525c9.372-9.373 24.568-9.373 33.941-.001z\" fill=\"currentColor\"><\/path><\/svg><\/span><\/button>\n\n\n<div class=\"gb-accordion__content\"><div class=\"gb-container gb-container-103d1eeb\">\n\n<h6 class=\"gb-headline gb-headline-5e586941 gb-headline-text\">Bitte lesen <a href=\"https:\/\/trendify.se\/de\/our-approach\/\" data-type=\"page\" data-id=\"1017\">Sie unseren Ansatz,<\/a> um ein besseres Verst\u00e4ndnis daf\u00fcr zu bekommen, was uns ausmacht und unterscheidet. <\/h6>\n\n<\/div><\/div>\n<\/div>\n\n<div class=\"gb-container gb-container-bb650039 gb-accordion__item\" data-transition=\"slide\">\n\n<button class=\"gb-button gb-button-9e9573af gb-accordion__toggle\"><span class=\"gb-button-text\">Was kostet ein Retainer normalerweise?<\/span><span class=\"gb-icon\"><svg xmlns=\"http:\/\/www.w3.org\/2000\/svg\" viewbox=\"0 0 448 512\" width=\"1em\" height=\"1em\" ariahidden=\"true\" role=\"img\" class=\"gb-accordion__icon\"><path d=\"M207.029 381.476L12.686 187.132c-9.373-9.373-9.373-24.569 0-33.941l22.667-22.667c9.357-9.357 24.522-9.375 33.901-.04L224 284.505l154.745-154.021c9.379-9.335 24.544-9.317 33.901.04l22.667 22.667c9.373 9.373 9.373 24.569 0 33.941L240.971 381.476c-9.373 9.372-24.569 9.372-33.942 0z\" fill=\"currentColor\"><\/path><\/svg><svg xmlns=\"http:\/\/www.w3.org\/2000\/svg\" viewbox=\"0 0 448 512\" width=\"1em\" height=\"1em\" ariahidden=\"true\" role=\"img\" class=\"gb-accordion__icon-open\"><path d=\"M240.971 130.524l194.343 194.343c9.373 9.373 9.373 24.569 0 33.941l-22.667 22.667c-9.357 9.357-24.522 9.375-33.901.04L224 227.495 69.255 381.516c-9.379 9.335-24.544 9.317-33.901-.04l-22.667-22.667c-9.373-9.373-9.373-24.569 0-33.941L207.03 130.525c9.372-9.373 24.568-9.373 33.941-.001z\" fill=\"currentColor\"><\/path><\/svg><\/span><\/button>\n\n\n<div class=\"gb-accordion__content\"><div class=\"gb-container gb-container-170621b6\">\n\n<h6 class=\"gb-headline gb-headline-a0028fd2 gb-headline-text\">Wenn Sie ein Full-Service-Paket f\u00fcr SEO und Paid suchen, beginnt es normalerweise bei \u20ac4000\/Monat und kann bis zu \u20ac10000\/Monat oder mehr betragen. Dies sind sehr grobe Richtwerte und ber\u00fccksichtigen keine ma\u00dfgeschneiderten Setups. In einigen F\u00e4llen ist es g\u00fcnstiger, in anderen teurer. <\/h6>\n\n<\/div><\/div>\n<\/div>\n<\/div>\n<\/div>","protected":false},"excerpt":{"rendered":"<p>LET&#8217;S CHAT Contact us to discuss business opportunities, or just to say hello and get a feel for who we are. Call us: +46709691817 Write us: hello@trendify.se Your questions answered Most of our collaborations span across Scandinavia, with Sweding being where we&#8217;re most represented. We work with anything from startups to big mature companies as &#8230; <a title=\"Kontakt\" class=\"read-more\" href=\"https:\/\/trendify.se\/de\/contact-us\/\" aria-label=\"Mehr Informationen \u00fcber Contact us\">Weiterlesen<\/a><\/p>","protected":false},"author":1,"featured_media":0,"parent":0,"menu_order":0,"comment_status":"closed","ping_status":"closed","template":"","meta":{"footnotes":""},"class_list":["post-1171","page","type-page","status-publish"],"yoast_head":"<!-- This site is optimized with the Yoast SEO plugin v25.8 - https:\/\/yoast.com\/wordpress\/plugins\/seo\/ -->\n<title>Contact us - Trendify 2.0<\/title>\n<meta name=\"robots\" content=\"index, follow, max-snippet:-1, max-image-preview:large, max-video-preview:-1\" \/>\n<link rel=\"canonical\" href=\"https:\/\/trendify.se\/de\/contact-us\/\" \/>\n<meta property=\"og:locale\" content=\"de_DE\" \/>\n<meta property=\"og:type\" content=\"article\" \/>\n<meta property=\"og:title\" content=\"Contact us - Trendify 2.0\" \/>\n<meta property=\"og:description\" content=\"LET&#8217;S CHAT Contact us to discuss business opportunities, or just to say hello and get a feel for who we are. Call us: +46709691817 Write us: hello@trendify.se Your questions answered Most of our collaborations span across Scandinavia, with Sweding being where we&#8217;re most represented. We work with anything from startups to big mature companies as ... Weiterlesen\" \/>\n<meta property=\"og:url\" content=\"https:\/\/trendify.se\/de\/contact-us\/\" \/>\n<meta property=\"og:site_name\" content=\"Trendify 2.0\" \/>\n<meta property=\"article:modified_time\" content=\"2025-08-15T10:58:49+00:00\" \/>\n<meta name=\"twitter:card\" content=\"summary_large_image\" \/>\n<meta name=\"twitter:label1\" content=\"Gesch\u00e4tzte Lesezeit\" \/>\n\t<meta name=\"twitter:data1\" content=\"1\u00a0Minute\" \/>\n<script type=\"application\/ld+json\" class=\"yoast-schema-graph\">{\"@context\":\"https:\/\/schema.org\",\"@graph\":[{\"@type\":\"WebPage\",\"@id\":\"https:\/\/trendify.se\/contact-us\/\",\"url\":\"https:\/\/trendify.se\/contact-us\/\",\"name\":\"Contact us - Trendify 2.0\",\"isPartOf\":{\"@id\":\"https:\/\/trendify.se\/#website\"},\"datePublished\":\"2024-03-11T10:06:33+00:00\",\"dateModified\":\"2025-08-15T10:58:49+00:00\",\"breadcrumb\":{\"@id\":\"https:\/\/trendify.se\/contact-us\/#breadcrumb\"},\"inLanguage\":\"de\",\"potentialAction\":[{\"@type\":\"ReadAction\",\"target\":[\"https:\/\/trendify.se\/contact-us\/\"]}]},{\"@type\":\"BreadcrumbList\",\"@id\":\"https:\/\/trendify.se\/contact-us\/#breadcrumb\",\"itemListElement\":[{\"@type\":\"ListItem\",\"position\":1,\"name\":\"Home\",\"item\":\"https:\/\/trendify.se\/\"},{\"@type\":\"ListItem\",\"position\":2,\"name\":\"Contact us\"}]},{\"@type\":\"WebSite\",\"@id\":\"https:\/\/trendify.se\/#website\",\"url\":\"https:\/\/trendify.se\/\",\"name\":\"Trendify 2.0\",\"description\":\"Branded version\",\"publisher\":{\"@id\":\"https:\/\/trendify.se\/#organization\"},\"potentialAction\":[{\"@type\":\"SearchAction\",\"target\":{\"@type\":\"EntryPoint\",\"urlTemplate\":\"https:\/\/trendify.se\/?s={search_term_string}\"},\"query-input\":{\"@type\":\"PropertyValueSpecification\",\"valueRequired\":true,\"valueName\":\"search_term_string\"}}],\"inLanguage\":\"de\"},{\"@type\":\"Organization\",\"@id\":\"https:\/\/trendify.se\/#organization\",\"name\":\"Trendify 2.0\",\"url\":\"https:\/\/trendify.se\/\",\"logo\":{\"@type\":\"ImageObject\",\"inLanguage\":\"de\",\"@id\":\"https:\/\/trendify.se\/#\/schema\/logo\/image\/\",\"url\":\"https:\/\/trendify.se\/wp-content\/uploads\/2023\/12\/Trendify-green.png\",\"contentUrl\":\"https:\/\/trendify.se\/wp-content\/uploads\/2023\/12\/Trendify-green.png\",\"width\":5079,\"height\":1251,\"caption\":\"Trendify 2.0\"},\"image\":{\"@id\":\"https:\/\/trendify.se\/#\/schema\/logo\/image\/\"}}]}<\/script>\n<!-- \/ Yoast SEO plugin. -->","yoast_head_json":{"title":"Contact us - Trendify 2.0","robots":{"index":"index","follow":"follow","max-snippet":"max-snippet:-1","max-image-preview":"max-image-preview:large","max-video-preview":"max-video-preview:-1"},"canonical":"https:\/\/trendify.se\/de\/contact-us\/","og_locale":"de_DE","og_type":"article","og_title":"Contact us - Trendify 2.0","og_description":"LET&#8217;S CHAT Contact us to discuss business opportunities, or just to say hello and get a feel for who we are. Call us: +46709691817 Write us: hello@trendify.se Your questions answered Most of our collaborations span across Scandinavia, with Sweding being where we&#8217;re most represented. We work with anything from startups to big mature companies as ... Weiterlesen","og_url":"https:\/\/trendify.se\/de\/contact-us\/","og_site_name":"Trendify 2.0","article_modified_time":"2025-08-15T10:58:49+00:00","twitter_card":"summary_large_image","twitter_misc":{"Gesch\u00e4tzte Lesezeit":"1\u00a0Minute"},"schema":{"@context":"https:\/\/schema.org","@graph":[{"@type":"WebPage","@id":"https:\/\/trendify.se\/contact-us\/","url":"https:\/\/trendify.se\/contact-us\/","name":"Contact us - Trendify 2.0","isPartOf":{"@id":"https:\/\/trendify.se\/#website"},"datePublished":"2024-03-11T10:06:33+00:00","dateModified":"2025-08-15T10:58:49+00:00","breadcrumb":{"@id":"https:\/\/trendify.se\/contact-us\/#breadcrumb"},"inLanguage":"de","potentialAction":[{"@type":"ReadAction","target":["https:\/\/trendify.se\/contact-us\/"]}]},{"@type":"BreadcrumbList","@id":"https:\/\/trendify.se\/contact-us\/#breadcrumb","itemListElement":[{"@type":"ListItem","position":1,"name":"Home","item":"https:\/\/trendify.se\/"},{"@type":"ListItem","position":2,"name":"Contact us"}]},{"@type":"WebSite","@id":"https:\/\/trendify.se\/#website","url":"https:\/\/trendify.se\/","name":"Trendify 2.0","description":"Branded version","publisher":{"@id":"https:\/\/trendify.se\/#organization"},"potentialAction":[{"@type":"SearchAction","target":{"@type":"EntryPoint","urlTemplate":"https:\/\/trendify.se\/?s={search_term_string}"},"query-input":{"@type":"PropertyValueSpecification","valueRequired":true,"valueName":"search_term_string"}}],"inLanguage":"de"},{"@type":"Organization","@id":"https:\/\/trendify.se\/#organization","name":"Trendify 2.0","url":"https:\/\/trendify.se\/","logo":{"@type":"ImageObject","inLanguage":"de","@id":"https:\/\/trendify.se\/#\/schema\/logo\/image\/","url":"https:\/\/trendify.se\/wp-content\/uploads\/2023\/12\/Trendify-green.png","contentUrl":"https:\/\/trendify.se\/wp-content\/uploads\/2023\/12\/Trendify-green.png","width":5079,"height":1251,"caption":"Trendify 2.0"},"image":{"@id":"https:\/\/trendify.se\/#\/schema\/logo\/image\/"}}]}},"_links":{"self":[{"href":"https:\/\/trendify.se\/de\/wp-json\/wp\/v2\/pages\/1171","targetHints":{"allow":["GET"]}}],"collection":[{"href":"https:\/\/trendify.se\/de\/wp-json\/wp\/v2\/pages"}],"about":[{"href":"https:\/\/trendify.se\/de\/wp-json\/wp\/v2\/types\/page"}],"author":[{"embeddable":true,"href":"https:\/\/trendify.se\/de\/wp-json\/wp\/v2\/users\/1"}],"replies":[{"embeddable":true,"href":"https:\/\/trendify.se\/de\/wp-json\/wp\/v2\/comments?post=1171"}],"version-history":[{"count":38,"href":"https:\/\/trendify.se\/de\/wp-json\/wp\/v2\/pages\/1171\/revisions"}],"predecessor-version":[{"id":1875,"href":"https:\/\/trendify.se\/de\/wp-json\/wp\/v2\/pages\/1171\/revisions\/1875"}],"wp:attachment":[{"href":"https:\/\/trendify.se\/de\/wp-json\/wp\/v2\/media?parent=1171"}],"curies":[{"name":"wp","href":"https:\/\/api.w.org\/{rel}","templated":true}]}}